{"id":102,"date":"2021-02-07T05:40:31","date_gmt":"2021-02-07T05:40:31","guid":{"rendered":"https:\/\/proincomepanda.com\/?page_id=102"},"modified":"2024-07-10T13:04:02","modified_gmt":"2024-07-10T13:04:02","slug":"hi%cc%87zmet-sartlari","status":"publish","type":"page","link":"https:\/\/proincomepanda.com\/tr\/terms-of-service\/","title":{"rendered":"Web Sitesi Kullan\u0131m \u015eartlar\u0131 ve Ko\u015fullar\u0131"},"content":{"rendered":"<h2 class=\"wp-block-heading\">1. \u015eartlar<\/h2>\n\n\n\n<p>https:\/\/proincomepanda.com\/ adresinden eri\u015filebilen bu Web Sitesine eri\u015ferek, bu Web Sitesi Kullan\u0131m H\u00fck\u00fcm ve Ko\u015fullar\u0131na tabi olmay\u0131 ve y\u00fcr\u00fcrl\u00fckteki yerel yasalara uymaktan sorumlu oldu\u011funuzu kabul etmi\u015f olursunuz. Bu \u015fartlardan herhangi birine kat\u0131lm\u0131yorsan\u0131z, bu siteye eri\u015fmeniz yasakt\u0131r. Bu Web Sitesinde yer alan materyaller telif hakk\u0131 ve ticari marka yasas\u0131 ile korunmaktad\u0131r.<\/p>\n\n\n\n<h2 class=\"wp-block-heading\">2. Kullan\u0131m Lisans\u0131<\/h2>\n\n\n\n<p>ProIncomePanda'n\u0131n Web Sitesindeki materyallerin bir kopyas\u0131n\u0131 yaln\u0131zca ki\u015fisel, ticari olmayan ge\u00e7ici g\u00f6r\u00fcnt\u00fcleme i\u00e7in ge\u00e7ici olarak indirme izni verilir. Bu, bir lisans\u0131n verilmesidir, bir m\u00fclkiyet devri de\u011fildir ve bu lisans kapsam\u0131nda \u015funlar\u0131 yapamazs\u0131n\u0131z:<\/p>\n\n\n\n<ul class=\"wp-block-list\">\n<li>materyalleri de\u011fi\u015ftirmek veya kopyalamak;<\/li>\n\n\n\n<li>materyalleri herhangi bir ticari ama\u00e7la veya halka a\u00e7\u0131k herhangi bir te\u015fhir i\u00e7in kullanmak;<\/li>\n\n\n\n<li>ProIncomePanda'n\u0131n Web Sitesinde bulunan herhangi bir yaz\u0131l\u0131m\u0131 tersine m\u00fchendislik yapmaya \u00e7al\u0131\u015fmak;<\/li>\n\n\n\n<li>materyallerden herhangi bir telif hakk\u0131 veya di\u011fer tescilli notlar\u0131 kald\u0131rmak; veya<\/li>\n\n\n\n<li>materyalleri ba\u015fka bir ki\u015fiye aktarmak veya materyalleri ba\u015fka bir sunucuya \"yans\u0131tmak\".<\/li>\n<\/ul>\n\n\n\n<p>Bu, ProIncomePanda'n\u0131n bu k\u0131s\u0131tlamalardan herhangi birinin ihlal edilmesi durumunda feshedilmesine izin verecektir. Fesih \u00fczerine, g\u00f6r\u00fcnt\u00fcleme hakk\u0131n\u0131z da feshedilecek ve bas\u0131l\u0131 veya elektronik formatta olsun, elinizde bulunan indirilmi\u015f materyalleri imha etmelisiniz. Bu Hizmet Ko\u015fullar\u0131, Hizmet Ko\u015fullar\u0131 Olu\u015fturucu ve Gizlilik Politikas\u0131 Olu\u015fturucu yard\u0131m\u0131yla olu\u015fturulmu\u015ftur.<\/p>\n\n\n\n<h2 class=\"wp-block-heading\">3. Sorumluluk Reddi<\/h2>\n\n\n\n<p>ProIncomePanda'n\u0131n Web Sitesindeki t\u00fcm materyaller \"oldu\u011fu gibi\" sa\u011flanmaktad\u0131r. ProIncomePanda, a\u00e7\u0131k veya z\u0131mni hi\u00e7bir garanti vermez, bu nedenle di\u011fer t\u00fcm garantileri reddeder. Ayr\u0131ca, ProIncomePanda, Web Sitesindeki materyallerin kullan\u0131m\u0131n\u0131n do\u011frulu\u011fu veya g\u00fcvenilirli\u011fi ile ilgili veya bu t\u00fcr materyallerle veya bu Web Sitesiyle ba\u011flant\u0131l\u0131 herhangi bir siteyle ilgili herhangi bir beyanda bulunmaz.<\/p>\n\n\n\n<h2 class=\"wp-block-heading\">4. S\u0131n\u0131rlamalar<\/h2>\n\n\n\n<p>ProIncomePanda veya tedarik\u00e7ileri, ProIncomePanda veya bu Web Sitesinin yetkili bir temsilcisi bu t\u00fcr bir hasar olas\u0131l\u0131\u011f\u0131 hakk\u0131nda s\u00f6zl\u00fc veya yaz\u0131l\u0131 olarak bilgilendirilmi\u015f olsa bile, ProIncomePanda'n\u0131n Web Sitesindeki materyallerin kullan\u0131m\u0131 veya kullan\u0131lamamas\u0131 ile ortaya \u00e7\u0131kacak herhangi bir zarardan sorumlu tutulamaz. Baz\u0131 yarg\u0131 b\u00f6lgeleri, z\u0131mni garantiler veya ar\u0131zi zararlar i\u00e7in sorumluluk s\u0131n\u0131rlamalar\u0131na izin vermez, bu s\u0131n\u0131rlamalar sizin i\u00e7in ge\u00e7erli olmayabilir.<\/p>\n\n\n\n<h2 class=\"wp-block-heading\">5. Revizyonlar ve Errata<\/h2>\n\n\n\n<p>ProIncomePanda'n\u0131n Web Sitesinde g\u00f6r\u00fcnen materyaller teknik, tipografik veya foto\u011frafik hatalar i\u00e7erebilir. ProIncomePanda, bu Web Sitesindeki herhangi bir materyalin do\u011fru, eksiksiz veya g\u00fcncel oldu\u011funu taahh\u00fct etmeyecektir. ProIncomePanda, Web Sitesinde yer alan materyalleri herhangi bir zamanda bildirimde bulunmaks\u0131z\u0131n de\u011fi\u015ftirebilir. ProIncomePanda, materyalleri g\u00fcncellemek i\u00e7in herhangi bir taahh\u00fctte bulunmaz.<\/p>\n\n\n\n<h2 class=\"wp-block-heading\">6. Ba\u011flant\u0131lar<\/h2>\n\n\n\n<p>ProIncomePanda, Web Sitesine ba\u011flanan t\u00fcm siteleri incelememi\u015ftir ve bu t\u00fcr ba\u011flant\u0131l\u0131 sitelerin i\u00e7eri\u011finden sorumlu de\u011fildir. Herhangi bir ba\u011flant\u0131n\u0131n varl\u0131\u011f\u0131, sitenin ProIncomePanda taraf\u0131ndan onayland\u0131\u011f\u0131 anlam\u0131na gelmez. Ba\u011flant\u0131 verilen herhangi bir web sitesinin kullan\u0131m\u0131 kullan\u0131c\u0131n\u0131n kendi sorumlulu\u011fundad\u0131r.<\/p>\n\n\n\n<h2 class=\"wp-block-heading\">7. Site Kullan\u0131m Ko\u015fullar\u0131 De\u011fi\u015fiklikleri<\/h2>\n\n\n\n<p>ProIncomePanda, Web Sitesi i\u00e7in bu Kullan\u0131m Ko\u015fullar\u0131n\u0131 \u00f6nceden haber vermeksizin istedi\u011fi zaman revize edebilir. Bu Web Sitesini kullanarak, bu Kullan\u0131m \u015eartlar\u0131 ve Ko\u015fullar\u0131n\u0131n g\u00fcncel s\u00fcr\u00fcm\u00fcne ba\u011fl\u0131 kalmay\u0131 kabul etmi\u015f olursunuz.<\/p>\n\n\n\n<h2 class=\"wp-block-heading\">8. Gizlili\u011finiz<\/h2>\n\n\n\n<p>L\u00fctfen bizi okuyun <a href=\"https:\/\/proincomepanda.com\/tr\/gizlilik-politikasi\/\">Gizlilik Politikas\u0131<\/a>.<\/p>\n\n\n\n<h2 class=\"wp-block-heading\">9. Ge\u00e7erli Kanun<\/h2>\n\n\n\n<p>ProIncomePanda'n\u0131n Web Sitesi ile ilgili herhangi bir iddia, kanun h\u00fck\u00fcmleri ihtilaf\u0131na bak\u0131lmaks\u0131z\u0131n yasalara tabi olacakt\u0131r.<\/p>\n\n\n\n<h2 class=\"gb-headline gb-headline-58b9c05e gb-headline-text\">10. Sorumluluk Reddi<\/h2>\n\n\n\n<p>Tahmin edebilece\u011finiz gibi, ProIncomePanda gibi bir blog i\u015fletmek bir miktar finansal destek gerektiriyor. \u00d6ncelikle web sitemizdeki reklamlar arac\u0131l\u0131\u011f\u0131yla gelir elde ediyoruz.<\/p>\n\n\n\n<p>Bu, i\u00e7eri\u011fimizi ke\u015ffederken baz\u0131 reklamlarla kar\u015f\u0131la\u015fabilece\u011finiz anlam\u0131na gelir. Ayr\u0131ca, Amazon ve Impact Radius gibi sayg\u0131n sitelerle ortakl\u0131k kurarak \u00e7e\u015fitli ortakl\u0131k programlar\u0131na kat\u0131l\u0131yoruz.<\/p>\n\n\n\n<p>Ayr\u0131ca Survey Junkie ve Swagbucks gibi farkl\u0131 anket siteleri ile ortakl\u0131k programlar\u0131na kat\u0131labiliriz.<\/p>\n\n\n\n<p>L\u00fctfen bu ortakl\u0131klar\u0131n, sa\u011flad\u0131\u011f\u0131m\u0131z ba\u011flant\u0131lar arac\u0131l\u0131\u011f\u0131yla bir sat\u0131n alma i\u015flemi yapman\u0131z veya kaydolman\u0131z durumunda k\u00fc\u00e7\u00fck bir komisyon kazanmam\u0131za izin verdi\u011fini unutmay\u0131n. Bunun size ekstra bir maliyeti olmad\u0131\u011f\u0131ndan emin olabilirsiniz!<\/p>\n\n\n\n<p>Bizler sertifikal\u0131 finansal planlamac\u0131lar de\u011filiz. Ki\u015fisel finans konular\u0131nda de\u011ferli i\u00e7g\u00f6r\u00fcler ve bilgiler sa\u011flamaya \u00e7al\u0131\u015fsak da, uzmanl\u0131\u011f\u0131m\u0131z\u0131n internetteki kapsaml\u0131 ara\u015ft\u0131rmalardan elde etti\u011fimiz deneyimlerimizi ve bilgilerimizi payla\u015fmakta yatt\u0131\u011f\u0131n\u0131 anlamak \u00e7ok \u00f6nemlidir.<\/p>\n\n\n\n<p>Zor kazand\u0131\u011f\u0131n\u0131z paran\u0131z s\u00f6z konusu oldu\u011funda ve \u00f6nemli finansal kararlar ald\u0131\u011f\u0131n\u0131zda, sertifikal\u0131 bir profesyonele dan\u0131\u015fman\u0131z\u0131 \u015fiddetle tavsiye ederiz.<\/p>\n\n\n\n<p>\u00d6zel ko\u015fullar\u0131n\u0131za g\u00f6re bilin\u00e7li se\u00e7imler yapman\u0131zda size rehberlik edecek gerekli uzmanl\u0131\u011fa sahiptirler. Mali refah\u0131n\u0131z en \u00fcst d\u00fczeyde ilgiyi hak eder, bu nedenle gerekti\u011finde profesyonel tavsiye almaktan asla \u00e7ekinmeyin.<\/p>\n\n\n\n<p>Son olarak, herkesin finansal yolculu\u011funun benzersiz oldu\u011funu ve bir ki\u015fi i\u00e7in i\u015fe yarayan\u0131n bir ba\u015fkas\u0131 i\u00e7in i\u015fe yaramayabilece\u011fini unutmay\u0131n.<\/p>\n\n\n\n<p>Do\u011fru ve g\u00fcncel bilgiler sa\u011flamaya \u00e7al\u0131\u015fsak da, kendi ara\u015ft\u0131rman\u0131z\u0131 yapmak ve ProIncomePanda'da sa\u011flanan bilgileri \u00e7apraz kontrol etmek her zaman iyi bir fikirdir. Finansal ortam s\u00fcrekli geli\u015fmektedir ve daha \u00f6nce payla\u015f\u0131lan i\u00e7eri\u011fin do\u011frulu\u011funu veya alaka d\u00fczeyini etkileyebilecek yeni geli\u015fmeler ortaya \u00e7\u0131kabilir.<\/p>\n\n\n\n<p>Bu feragatnameyi okumaya zaman ay\u0131rd\u0131\u011f\u0131n\u0131z i\u00e7in te\u015fekk\u00fcr ederiz. ProIncomePanda'ya olan g\u00fcveniniz ve ba\u011fl\u0131l\u0131\u011f\u0131n\u0131z i\u00e7in ger\u00e7ekten minnettar\u0131z. <\/p>","protected":false},"excerpt":{"rendered":"<p>1. \u015eartlar https:\/\/proincomepanda.com\/ adresinden eri\u015filebilen bu Web Sitesine eri\u015ferek, bu Web Sitesi Kullan\u0131m \u015eartlar\u0131 ve Ko\u015fullar\u0131na tabi olmay\u0131 kabul etmektesiniz ve ... <a title=\"Web Sitesi Kullan\u0131m \u015eartlar\u0131 ve Ko\u015fullar\u0131\" class=\"read-more\" href=\"https:\/\/proincomepanda.com\/tr\/terms-of-service\/\" aria-label=\"Web Sitesi Kullan\u0131m \u015eartlar\u0131 ve Ko\u015fullar\u0131 hakk\u0131nda daha fazla bilgi edinin\">Daha fazla bilgi edinin<\/a><\/p>","protected":false},"author":1,"featured_media":0,"parent":0,"menu_order":0,"comment_status":"closed","ping_status":"closed","template":"","meta":{"_seopress_robots_primary_cat":"","_seopress_titles_title":"","_seopress_titles_desc":"","_seopress_robots_index":"","footnotes":""},"class_list":["post-102","page","type-page","status-publish"],"_links":{"self":[{"href":"https:\/\/proincomepanda.com\/tr\/wp-json\/wp\/v2\/pages\/102","targetHints":{"allow":["GET"]}}],"collection":[{"href":"https:\/\/proincomepanda.com\/tr\/wp-json\/wp\/v2\/pages"}],"about":[{"href":"https:\/\/proincomepanda.com\/tr\/wp-json\/wp\/v2\/types\/page"}],"author":[{"embeddable":true,"href":"https:\/\/proincomepanda.com\/tr\/wp-json\/wp\/v2\/users\/1"}],"replies":[{"embeddable":true,"href":"https:\/\/proincomepanda.com\/tr\/wp-json\/wp\/v2\/comments?post=102"}],"version-history":[{"count":0,"href":"https:\/\/proincomepanda.com\/tr\/wp-json\/wp\/v2\/pages\/102\/revisions"}],"wp:attachment":[{"href":"https:\/\/proincomepanda.com\/tr\/wp-json\/wp\/v2\/media?parent=102"}],"curies":[{"name":"wp","href":"https:\/\/api.w.org\/{rel}","templated":true}]}}