{"id":100,"date":"2021-02-07T05:38:30","date_gmt":"2021-02-07T05:38:30","guid":{"rendered":"https:\/\/proincomepanda.com\/?page_id=100"},"modified":"2022-08-12T04:13:00","modified_gmt":"2022-08-12T04:13:00","slug":"gizlilik-politikasi","status":"publish","type":"page","link":"https:\/\/proincomepanda.com\/tr\/privacy-policy\/","title":{"rendered":"ProIncomePanda i\u00e7in Gizlilik Politikas\u0131"},"content":{"rendered":"<p>https:\/\/proincomepanda.com\/ adresinden eri\u015filebilen Pro Income Panda'da ana \u00f6nceliklerimizden biri ziyaret\u00e7ilerimizin gizlili\u011fidir. Bu Gizlilik Politikas\u0131 belgesi, Pro Income Panda taraf\u0131ndan toplanan ve kaydedilen bilgi t\u00fcrlerini ve bunlar\u0131 nas\u0131l kulland\u0131\u011f\u0131m\u0131z\u0131 i\u00e7erir.<\/p>\n\n\n\n<p>Ek sorular\u0131n\u0131z varsa veya Gizlilik Politikam\u0131z hakk\u0131nda daha fazla bilgiye ihtiyac\u0131n\u0131z varsa, bizimle ileti\u015fime ge\u00e7mekten \u00e7ekinmeyin.<\/p>\n\n\n\n<p>Bu Gizlilik Politikas\u0131 yaln\u0131zca \u00e7evrimi\u00e7i faaliyetlerimiz i\u00e7in ge\u00e7erlidir ve Pro Income Panda'da payla\u015ft\u0131klar\u0131 ve\/veya toplad\u0131klar\u0131 bilgilerle ilgili olarak web sitemizi ziyaret edenler i\u00e7in ge\u00e7erlidir. Bu politika, \u00e7evrimd\u0131\u015f\u0131 olarak veya bu web sitesi d\u0131\u015f\u0131ndaki kanallar arac\u0131l\u0131\u011f\u0131yla toplanan hi\u00e7bir bilgi i\u00e7in ge\u00e7erli de\u011fildir.<\/p>\n\n\n\n<h2 class=\"wp-block-heading\">R\u0131za<\/h2>\n\n\n\n<p>Web sitemizi kullanarak Gizlilik Politikam\u0131z\u0131 onaylam\u0131\u015f ve \u015fartlar\u0131n\u0131 kabul etmi\u015f olursunuz.<\/p>\n\n\n\n<h2 class=\"wp-block-heading\">Toplad\u0131\u011f\u0131m\u0131z bilgiler<\/h2>\n\n\n\n<p>Vermeniz istenen ki\u015fisel bilgiler ve bunlar\u0131 vermenizin istenmesinin nedenleri, ki\u015fisel bilgilerinizi vermenizi istedi\u011fimiz noktada size a\u00e7\u0131k\u00e7a belirtilecektir.<\/p>\n\n\n\n<p>Bizimle do\u011frudan ileti\u015fime ge\u00e7erseniz, ad\u0131n\u0131z, e-posta adresiniz, telefon numaran\u0131z, bize g\u00f6nderebilece\u011finiz mesaj\u0131n ve\/veya eklerin i\u00e7eri\u011fi ve vermeyi tercih edebilece\u011finiz di\u011fer bilgiler gibi sizinle ilgili ek bilgiler alabiliriz.<\/p>\n\n\n\n<p>Bir Hesap i\u00e7in kaydoldu\u011funuzda, ad, \u015firket ad\u0131, adres, e-posta adresi ve telefon numaras\u0131 gibi \u00f6\u011feler dahil olmak \u00fczere ileti\u015fim bilgilerinizi isteyebiliriz.<\/p>\n\n\n\n<h2 class=\"wp-block-heading\">Bilgilerinizi nas\u0131l kullan\u0131yoruz<\/h2>\n\n\n\n<p>Toplad\u0131\u011f\u0131m\u0131z bilgileri a\u015fa\u011f\u0131dakiler de dahil olmak \u00fczere \u00e7e\u015fitli \u015fekillerde kullan\u0131r\u0131z:<\/p>\n\n\n\n<ul class=\"wp-block-list\"><li>Web sitemizi sa\u011flamak, i\u015fletmek ve bak\u0131m\u0131n\u0131 yapmak<\/li><li>Web sitemizi iyile\u015ftirmek, ki\u015fiselle\u015ftirmek ve geni\u015fletmek<\/li><li>Web sitemizi nas\u0131l kulland\u0131\u011f\u0131n\u0131z\u0131 anlamak ve analiz etmek<\/li><li>Yeni \u00fcr\u00fcnler, hizmetler, \u00f6zellikler ve i\u015flevler geli\u015ftirmek<\/li><li>M\u00fc\u015fteri hizmetleri, web sitesi ile ilgili g\u00fcncellemeler ve di\u011fer bilgileri sa\u011flamak ve pazarlama ve tan\u0131t\u0131m ama\u00e7lar\u0131 da dahil olmak \u00fczere, do\u011frudan veya ortaklar\u0131m\u0131zdan biri arac\u0131l\u0131\u011f\u0131yla sizinle ileti\u015fim kurmak<\/li><li>Size e-posta g\u00f6ndermek<\/li><li>Doland\u0131r\u0131c\u0131l\u0131\u011f\u0131 bulun ve \u00f6nleyin<\/li><\/ul>\n\n\n\n<h2 class=\"wp-block-heading\">G\u00fcnl\u00fck Dosyalar\u0131<\/h2>\n\n\n\n<p>Pro Income Panda, g\u00fcnl\u00fck dosyalar\u0131n\u0131 kullanmak i\u00e7in standart bir prosed\u00fcr izler. Bu dosyalar, web sitelerini ziyaret ettiklerinde ziyaret\u00e7ileri kaydeder. T\u00fcm bar\u0131nd\u0131rma \u015firketleri bunu yapar ve bar\u0131nd\u0131rma hizmetlerinin analizlerinin bir par\u00e7as\u0131d\u0131r. G\u00fcnl\u00fck dosyalar\u0131 taraf\u0131ndan toplanan bilgiler aras\u0131nda internet protokol\u00fc (IP) adresleri, taray\u0131c\u0131 t\u00fcr\u00fc, \u0130nternet Servis Sa\u011flay\u0131c\u0131s\u0131 (ISP), tarih ve saat damgas\u0131, y\u00f6nlendirme\/\u00e7\u0131k\u0131\u015f sayfalar\u0131 ve muhtemelen t\u0131klama say\u0131s\u0131 bulunur. Bunlar ki\u015fisel olarak tan\u0131mlanabilir herhangi bir bilgi ile ba\u011flant\u0131l\u0131 de\u011fildir. Bu bilgilerin amac\u0131 e\u011filimleri analiz etmek, siteyi y\u00f6netmek, kullan\u0131c\u0131lar\u0131n web sitesindeki hareketlerini izlemek ve demografik bilgi toplamakt\u0131r.<\/p>\n\n\n\n<h2 class=\"wp-block-heading\">\u00c7erezler ve Web \u0130\u015faret\u00e7ileri<\/h2>\n\n\n\n<p>Di\u011fer t\u00fcm web siteleri gibi Pro Income Panda da '\u00e7erezler' kullan\u0131r. Bu \u00e7erezler, ziyaret\u00e7ilerin tercihleri ve ziyaret\u00e7inin eri\u015fti\u011fi veya ziyaret etti\u011fi web sitesindeki sayfalar dahil olmak \u00fczere bilgileri saklamak i\u00e7in kullan\u0131l\u0131r. Bu bilgiler, web sayfas\u0131 i\u00e7eri\u011fimizi ziyaret\u00e7ilerin taray\u0131c\u0131 t\u00fcr\u00fcne ve\/veya di\u011fer bilgilerine g\u00f6re \u00f6zelle\u015ftirerek kullan\u0131c\u0131lar\u0131n deneyimini optimize etmek i\u00e7in kullan\u0131l\u0131r.<\/p>\n\n\n\n<p>\u00c7erezler hakk\u0131nda daha fazla genel bilgi i\u00e7in l\u00fctfen okuyun <a href=\"https:\/\/www.cookieconsent.com\/what-are-cookies\/\">Cookie Consent'tan \"\u00c7erezler Nedir?\"<\/a>.<\/p>\n\n\n\n<h2 class=\"wp-block-heading\">Google DoubleClick DART \u00c7erezi<\/h2>\n\n\n\n<p>Google, sitemizdeki \u00fc\u00e7\u00fcnc\u00fc taraf sat\u0131c\u0131lardan biridir. Ayr\u0131ca, www.website.com ve internetteki di\u011fer sitelere yapt\u0131klar\u0131 ziyaretlere dayanarak site ziyaret\u00e7ilerimize reklam sunmak i\u00e7in DART \u00e7erezleri olarak bilinen \u00e7erezleri kullan\u0131r. Ancak ziyaret\u00e7iler, a\u015fa\u011f\u0131daki URL'de yer alan Google reklam ve i\u00e7erik a\u011f\u0131 Gizlilik Politikas\u0131n\u0131 ziyaret ederek DART \u00e7erezlerinin kullan\u0131m\u0131n\u0131 reddetmeyi se\u00e7ebilirler - <a href=\"https:\/\/policies.google.com\/technologies\/ads\">https:\/\/policies.google.com\/technologies\/ads<\/a><\/p>\n\n\n\n<h2 class=\"wp-block-heading\">Reklam Ortaklar\u0131m\u0131z<\/h2>\n\n\n\n<p>Sitemizdeki baz\u0131 reklamverenler \u00e7erezler ve web i\u015faret\u00e7ileri kullanabilir. Reklam ortaklar\u0131m\u0131z a\u015fa\u011f\u0131da listelenmi\u015ftir. Reklam ortaklar\u0131m\u0131z\u0131n her biri, kullan\u0131c\u0131 verilerine ili\u015fkin politikalar\u0131 i\u00e7in kendi Gizlilik Politikas\u0131na sahiptir. Daha kolay eri\u015fim i\u00e7in, a\u015fa\u011f\u0131da Gizlilik Politikalar\u0131na k\u00f6pr\u00fc olu\u015fturduk.<\/p>\n\n\n\n<ul class=\"wp-block-list\"><li>Google\n<p><a href=\"https:\/\/policies.google.com\/technologies\/ads\">https:\/\/policies.google.com\/technologies\/ads<\/a><\/p>\n<\/li><\/ul>\n\n\n\n<h2 class=\"wp-block-heading\">Reklam Ortaklar\u0131 Gizlilik Politikalar\u0131<\/h2>\n\n\n\n<p>Pro Income Panda'n\u0131n reklam ortaklar\u0131n\u0131n her birinin Gizlilik Politikas\u0131n\u0131 bulmak i\u00e7in bu listeye ba\u015fvurabilirsiniz.<\/p>\n\n\n\n<p>\u00dc\u00e7\u00fcnc\u00fc taraf reklam sunucular\u0131 veya reklam a\u011flar\u0131, Pro Income Panda'da g\u00f6r\u00fcnen ve do\u011frudan kullan\u0131c\u0131lar\u0131n taray\u0131c\u0131s\u0131na g\u00f6nderilen ilgili reklamlar\u0131nda ve ba\u011flant\u0131lar\u0131nda kullan\u0131lan \u00e7erezler, JavaScript veya Web \u0130\u015faret\u00e7ileri gibi teknolojileri kullan\u0131r. Bu ger\u00e7ekle\u015fti\u011finde IP adresinizi otomatik olarak al\u0131rlar. Bu teknolojiler, reklam kampanyalar\u0131n\u0131n etkinli\u011fini \u00f6l\u00e7mek ve\/veya ziyaret etti\u011finiz web sitelerinde g\u00f6rd\u00fc\u011f\u00fcn\u00fcz reklam i\u00e7eri\u011fini ki\u015fiselle\u015ftirmek i\u00e7in kullan\u0131l\u0131r.<\/p>\n\n\n\n<p>Pro Income Panda'n\u0131n \u00fc\u00e7\u00fcnc\u00fc taraf reklamverenler taraf\u0131ndan kullan\u0131lan bu \u00e7erezlere eri\u015fimi veya kontrol\u00fc olmad\u0131\u011f\u0131n\u0131 unutmay\u0131n.<\/p>\n\n\n\n<h2 class=\"wp-block-heading\">\u00dc\u00e7\u00fcnc\u00fc Taraf Gizlilik Politikalar\u0131<\/h2>\n\n\n\n<p>Pro Income Panda'n\u0131n Gizlilik Politikas\u0131 di\u011fer reklamverenler veya web siteleri i\u00e7in ge\u00e7erli de\u011fildir. Bu nedenle, daha ayr\u0131nt\u0131l\u0131 bilgi i\u00e7in bu \u00fc\u00e7\u00fcnc\u00fc taraf reklam sunucular\u0131n\u0131n ilgili Gizlilik Politikalar\u0131na ba\u015fvurman\u0131z\u0131 tavsiye ederiz. Bu, onlar\u0131n uygulamalar\u0131n\u0131 ve belirli se\u00e7eneklerden nas\u0131l vazge\u00e7ilece\u011fine ili\u015fkin talimatlar\u0131 i\u00e7erebilir.<\/p>\n\n\n\n<p>Bireysel taray\u0131c\u0131 se\u00e7enekleriniz arac\u0131l\u0131\u011f\u0131yla \u00e7erezleri devre d\u0131\u015f\u0131 b\u0131rakmay\u0131 se\u00e7ebilirsiniz. Belirli web taray\u0131c\u0131lar\u0131 ile \u00e7erez y\u00f6netimi hakk\u0131nda daha ayr\u0131nt\u0131l\u0131 bilgi edinmek i\u00e7in, taray\u0131c\u0131lar\u0131n ilgili web sitelerinde bulunabilir.<\/p>\n\n\n\n<h2 class=\"wp-block-heading\">CCPA Gizlilik Haklar\u0131 (Ki\u015fisel Bilgilerimi Satmay\u0131n)<\/h2>\n\n\n\n<p>CCPA kapsam\u0131nda, di\u011fer haklar\u0131n yan\u0131 s\u0131ra, Kaliforniyal\u0131 t\u00fcketiciler \u015fu haklara sahiptir:<\/p>\n\n\n\n<p>Bir t\u00fcketicinin ki\u015fisel verilerini toplayan bir i\u015fletmenin, t\u00fcketiciler hakk\u0131nda toplad\u0131\u011f\u0131 ki\u015fisel verilerin kategorilerini ve belirli par\u00e7alar\u0131n\u0131 a\u00e7\u0131klamas\u0131n\u0131 talep edin.<\/p>\n\n\n\n<p>Bir i\u015fletmenin t\u00fcketici hakk\u0131nda toplad\u0131\u011f\u0131 t\u00fcm ki\u015fisel verileri silmesini talep edin.<\/p>\n\n\n\n<p>T\u00fcketicinin ki\u015fisel verilerini satan bir i\u015fletmenin, t\u00fcketicinin ki\u015fisel verilerini satmamas\u0131n\u0131 talep edin.<\/p>\n\n\n\n<p>Bir talepte bulunursan\u0131z, size yan\u0131t vermek i\u00e7in bir ay s\u00fcremiz vard\u0131r. Bu haklardan herhangi birini kullanmak isterseniz, l\u00fctfen bizimle ileti\u015fime ge\u00e7in.<\/p>\n\n\n\n<h2 class=\"wp-block-heading\">GDPR Veri Koruma Haklar\u0131<\/h2>\n\n\n\n<p>T\u00fcm veri koruma haklar\u0131n\u0131zdan tam olarak haberdar oldu\u011funuzdan emin olmak isteriz. Her kullan\u0131c\u0131 a\u015fa\u011f\u0131daki haklara sahiptir:<\/p>\n\n\n\n<p>Eri\u015fim hakk\u0131 - Ki\u015fisel verilerinizin kopyalar\u0131n\u0131 talep etme hakk\u0131na sahipsiniz. Bu hizmet i\u00e7in sizden k\u00fc\u00e7\u00fck bir \u00fccret talep edebiliriz.<\/p>\n\n\n\n<p>D\u00fczeltme hakk\u0131 - Yanl\u0131\u015f oldu\u011funa inand\u0131\u011f\u0131n\u0131z herhangi bir bilgiyi d\u00fczeltmemizi talep etme hakk\u0131na sahipsiniz. Ayr\u0131ca, eksik oldu\u011funa inand\u0131\u011f\u0131n\u0131z bilgileri tamamlamam\u0131z\u0131 talep etme hakk\u0131na da sahipsiniz.<\/p>\n\n\n\n<p>Silme hakk\u0131 - Belirli ko\u015fullar alt\u0131nda ki\u015fisel verilerinizi silmemizi talep etme hakk\u0131na sahipsiniz.<\/p>\n\n\n\n<p>\u0130\u015flemeyi k\u0131s\u0131tlama hakk\u0131 - Belirli ko\u015fullar alt\u0131nda ki\u015fisel verilerinizin i\u015flenmesini k\u0131s\u0131tlamam\u0131z\u0131 talep etme hakk\u0131na sahipsiniz.<\/p>\n\n\n\n<p>\u0130\u015flemeye itiraz etme hakk\u0131 - Belirli ko\u015fullar alt\u0131nda ki\u015fisel verilerinizin taraf\u0131m\u0131zca i\u015flenmesine itiraz etme hakk\u0131na sahipsiniz.<\/p>\n\n\n\n<p>Veri ta\u015f\u0131nabilirli\u011fi hakk\u0131 - Toplad\u0131\u011f\u0131m\u0131z verileri belirli ko\u015fullar alt\u0131nda ba\u015fka bir kurulu\u015fa veya do\u011frudan size aktarmam\u0131z\u0131 talep etme hakk\u0131na sahipsiniz.<\/p>\n\n\n\n<p>Bir talepte bulunursan\u0131z, size yan\u0131t vermek i\u00e7in bir ay s\u00fcremiz vard\u0131r. Bu haklardan herhangi birini kullanmak isterseniz, l\u00fctfen bizimle ileti\u015fime ge\u00e7in.<\/p>\n\n\n\n<h2 class=\"wp-block-heading\">\u00c7ocuk Bilgileri<\/h2>\n\n\n\n<p>\u00d6nceli\u011fimizin bir di\u011fer par\u00e7as\u0131 da internet kullan\u0131m\u0131 s\u0131ras\u0131nda \u00e7ocuklar i\u00e7in koruma sa\u011flamakt\u0131r. Ebeveynleri ve velileri \u00e7ocuklar\u0131n \u00e7evrimi\u00e7i faaliyetlerini g\u00f6zlemlemeye, bunlara kat\u0131lmaya ve\/veya izlemeye ve y\u00f6nlendirmeye te\u015fvik ediyoruz.<\/p>\n\n\n\n<p>Pro Income Panda, 13 ya\u015f\u0131n alt\u0131ndaki \u00e7ocuklardan bilerek herhangi bir Ki\u015fisel Tan\u0131mlanabilir Bilgi toplamaz. \u00c7ocu\u011funuzun web sitemizde bu t\u00fcr bir bilgi sa\u011flad\u0131\u011f\u0131n\u0131 d\u00fc\u015f\u00fcn\u00fcyorsan\u0131z, derhal bizimle ileti\u015fime ge\u00e7menizi \u015fiddetle tavsiye ederiz ve bu t\u00fcr bilgileri kay\u0131tlar\u0131m\u0131zdan derhal kald\u0131rmak i\u00e7in elimizden gelen \u00e7abay\u0131 g\u00f6sterece\u011fiz.<\/p>","protected":false},"excerpt":{"rendered":"<p>https:\/\/proincomepanda.com\/ adresinden eri\u015filebilen Pro Income Panda'da ana \u00f6nceliklerimizden biri ziyaret\u00e7ilerimizin gizlili\u011fidir. Bu Gizlilik Politikas\u0131 belgesi, toplanan bilgi t\u00fcrlerini i\u00e7erir ve ... <a title=\"ProIncomePanda i\u00e7in Gizlilik Politikas\u0131\" class=\"read-more\" href=\"https:\/\/proincomepanda.com\/tr\/privacy-policy\/\" aria-label=\"ProIncomePanda i\u00e7in Gizlilik Politikas\u0131 hakk\u0131nda daha fazla bilgi edinin\">Daha fazla bilgi edinin<\/a><\/p>","protected":false},"author":1,"featured_media":0,"parent":0,"menu_order":0,"comment_status":"closed","ping_status":"closed","template":"","meta":{"_seopress_robots_primary_cat":"","_seopress_titles_title":"","_seopress_titles_desc":"","_seopress_robots_index":"yes","footnotes":""},"class_list":["post-100","page","type-page","status-publish"],"_links":{"self":[{"href":"https:\/\/proincomepanda.com\/tr\/wp-json\/wp\/v2\/pages\/100","targetHints":{"allow":["GET"]}}],"collection":[{"href":"https:\/\/proincomepanda.com\/tr\/wp-json\/wp\/v2\/pages"}],"about":[{"href":"https:\/\/proincomepanda.com\/tr\/wp-json\/wp\/v2\/types\/page"}],"author":[{"embeddable":true,"href":"https:\/\/proincomepanda.com\/tr\/wp-json\/wp\/v2\/users\/1"}],"replies":[{"embeddable":true,"href":"https:\/\/proincomepanda.com\/tr\/wp-json\/wp\/v2\/comments?post=100"}],"version-history":[{"count":0,"href":"https:\/\/proincomepanda.com\/tr\/wp-json\/wp\/v2\/pages\/100\/revisions"}],"wp:attachment":[{"href":"https:\/\/proincomepanda.com\/tr\/wp-json\/wp\/v2\/media?parent=100"}],"curies":[{"name":"wp","href":"https:\/\/api.w.org\/{rel}","templated":true}]}}