{"id":102,"date":"2021-02-07T05:40:31","date_gmt":"2021-02-07T05:40:31","guid":{"rendered":"https:\/\/proincomepanda.com\/?page_id=102"},"modified":"2024-07-10T13:04:02","modified_gmt":"2024-07-10T13:04:02","slug":"termeni-de-serviciu","status":"publish","type":"page","link":"https:\/\/proincomepanda.com\/ro\/terms-of-service\/","title":{"rendered":"Termeni \u0219i condi\u021bii de utilizare a site-ului web"},"content":{"rendered":"<h2 class=\"wp-block-heading\">1. Termeni<\/h2>\n\n\n\n<p>Prin accesarea acestui site web, accesibil de la https:\/\/proincomepanda.com\/, sunte\u021bi de acord s\u0103 v\u0103 supune\u021bi acestor Termeni \u0219i condi\u021bii de utilizare a site-ului web \u0219i sunte\u021bi de acord c\u0103 sunte\u021bi responsabil pentru respectarea legisla\u021biei locale aplicabile. Dac\u0103 nu sunte\u021bi de acord cu oricare dintre ace\u0219ti termeni, v\u0103 este interzis s\u0103 accesa\u021bi acest site. Materialele con\u021binute \u00een acest site web sunt protejate de legisla\u021bia privind drepturile de autor \u0219i m\u0103rcile comerciale.<\/p>\n\n\n\n<h2 class=\"wp-block-heading\">2. Licen\u021ba de utilizare<\/h2>\n\n\n\n<p>Se acord\u0103 permisiunea de a desc\u0103rca temporar o copie a materialelor de pe site-ul ProIncomePanda pentru vizualizare personal\u0103, non-comercial\u0103 \u0219i tranzitorie. Aceasta este acordarea unei licen\u021be, nu un transfer de titlu, iar \u00een cadrul acestei licen\u021be, nu pute\u021bi:<\/p>\n\n\n\n<ul class=\"wp-block-list\">\n<li>s\u0103 modifice sau s\u0103 copieze materialele;<\/li>\n\n\n\n<li>s\u0103 utilizeze materialele \u00een orice scop comercial sau pentru orice afi\u0219are public\u0103;<\/li>\n\n\n\n<li>\u00eencercarea de a inversa ingineria oric\u0103rui software con\u021binut pe site-ul ProIncomePanda;<\/li>\n\n\n\n<li>s\u0103 elimine orice drept de autor sau alte men\u021biuni de proprietate din materiale; sau<\/li>\n\n\n\n<li>transferarea materialelor c\u0103tre o alt\u0103 persoan\u0103 sau \"oglindirea\" materialelor pe orice alt server.<\/li>\n<\/ul>\n\n\n\n<p>Acest lucru va permite ca ProIncomePanda s\u0103 se opreasc\u0103 \u00een cazul \u00eenc\u0103lc\u0103rii oric\u0103reia dintre aceste restric\u021bii. \u00cen momentul rezilierii, dreptul dumneavoastr\u0103 de vizualizare va fi, de asemenea, reziliat \u0219i ar trebui s\u0103 distruge\u021bi orice materiale desc\u0103rcate aflate \u00een posesia dumneavoastr\u0103, indiferent dac\u0103 este vorba de format tip\u0103rit sau electronic. Ace\u0219ti Termeni de utilizare au fost crea\u021bi cu ajutorul Generatorului de termeni de utilizare \u0219i al Generatorului de politici de confiden\u021bialitate.<\/p>\n\n\n\n<h2 class=\"wp-block-heading\">3. Renun\u021bare la r\u0103spundere<\/h2>\n\n\n\n<p>Toate materialele de pe site-ul ProIncomePanda sunt furnizate \"ca atare\". ProIncomePanda nu ofer\u0103 nicio garan\u021bie, fie ea expres\u0103 sau implicit\u0103, prin urmare, neag\u0103 toate celelalte garan\u021bii. \u00cen plus, ProIncomePanda nu face nicio declara\u021bie cu privire la acurate\u021bea sau fiabilitatea utiliz\u0103rii materialelor de pe site-ul s\u0103u web sau \u00een leg\u0103tur\u0103 cu aceste materiale sau cu orice site-uri legate de acest site web.<\/p>\n\n\n\n<h2 class=\"wp-block-heading\">4. Limit\u0103ri<\/h2>\n\n\n\n<p>ProIncomePanda sau furnizorii s\u0103i nu vor fi tra\u0219i la r\u0103spundere pentru niciun fel de daune care vor ap\u0103rea \u00een urma utiliz\u0103rii sau incapacit\u0103\u021bii de a utiliza materialele de pe site-ul ProIncomePanda, chiar dac\u0103 ProIncomePanda sau un reprezentant autorizat al acestui site a fost notificat, verbal sau \u00een scris, cu privire la posibilitatea unor astfel de daune. Unele jurisdic\u021bii nu permit limit\u0103ri ale garan\u021biilor implicite sau limit\u0103ri ale r\u0103spunderii pentru daune accidentale, aceste limit\u0103ri s-ar putea s\u0103 nu vi se aplice.<\/p>\n\n\n\n<h2 class=\"wp-block-heading\">5. Revizuiri \u0219i erate<\/h2>\n\n\n\n<p>Materialele care apar pe site-ul web al ProIncomePanda pot include erori tehnice, tipografice sau fotografice. ProIncomePanda nu va promite c\u0103 materialele de pe acest site web sunt exacte, complete sau actuale. ProIncomePanda poate modifica materialele con\u021binute pe Website-ul s\u0103u \u00een orice moment \u0219i f\u0103r\u0103 notificare prealabil\u0103. ProIncomePanda nu \u00ee\u0219i asum\u0103 niciun angajament de a actualiza materialele.<\/p>\n\n\n\n<h2 class=\"wp-block-heading\">6. Leg\u0103turi<\/h2>\n\n\n\n<p>ProIncomePanda nu a revizuit toate site-urile legate de site-ul s\u0103u web \u0219i nu este responsabil pentru con\u021binutul niciunui astfel de site legat. Prezen\u021ba oric\u0103rui link nu implic\u0103 aprobarea de c\u0103tre ProIncomePanda a site-ului respectiv. Utilizarea oric\u0103rui site web legat este pe riscul propriu al utilizatorului.<\/p>\n\n\n\n<h2 class=\"wp-block-heading\">7. Modific\u0103ri ale condi\u021biilor de utilizare a site-ului<\/h2>\n\n\n\n<p>ProIncomePanda poate revizui ace\u0219ti Termeni de utilizare pentru site-ul s\u0103u \u00een orice moment, f\u0103r\u0103 notificare prealabil\u0103. Prin utilizarea acestui site web, sunte\u021bi de acord s\u0103 respecta\u021bi versiunea actual\u0103 a acestor Termeni \u0219i Condi\u021bii de utilizare.<\/p>\n\n\n\n<h2 class=\"wp-block-heading\">8. Confiden\u021bialitatea dumneavoastr\u0103<\/h2>\n\n\n\n<p>V\u0103 rug\u0103m s\u0103 citi\u021bi pagina noastr\u0103 <a href=\"https:\/\/proincomepanda.com\/ro\/politica-de-confidentialitate\/\">Politica de confiden\u021bialitate<\/a>.<\/p>\n\n\n\n<h2 class=\"wp-block-heading\">9. Legea aplicabil\u0103<\/h2>\n\n\n\n<p>Orice revendicare legat\u0103 de site-ul ProIncomePanda va fi guvernat\u0103 de legile f\u0103r\u0103 a se \u021bine cont de conflictul de prevederi legale.<\/p>\n\n\n\n<h2 class=\"gb-headline gb-headline-58b9c05e gb-headline-text\">10. Renun\u021bare la r\u0103spundere<\/h2>\n\n\n\n<p>Dup\u0103 cum probabil a\u021bi ghicit, func\u021bionarea unui blog precum ProIncomePanda necesit\u0103 un anumit sprijin financiar. \u00cen principal, gener\u0103m venituri prin publicitate pe site-ul nostru.<\/p>\n\n\n\n<p>Acest lucru \u00eenseamn\u0103 c\u0103 este posibil s\u0103 \u00eent\u00e2lni\u021bi unele reclame \u00een timp ce explora\u021bi con\u021binutul nostru. \u00cen plus, particip\u0103m la diverse programe de afiliere, \u00een parteneriat cu site-uri de renume precum Amazon \u0219i Impact Radius.<\/p>\n\n\n\n<p>De asemenea, ne putem angaja \u00een programe de afiliere cu diferite site-uri de sondaje, cum ar fi Survey Junkie \u0219i Swagbucks.<\/p>\n\n\n\n<p>V\u0103 rug\u0103m s\u0103 re\u021bine\u021bi c\u0103 aceste parteneriate ne permit s\u0103 c\u00e2\u0219tig\u0103m un mic comision dac\u0103 face\u021bi o achizi\u021bie sau v\u0103 \u00eenscrie\u021bi prin intermediul link-urilor pe care le oferim. Sta\u021bi lini\u0219tit, acest lucru nu v\u0103 cost\u0103 nimic \u00een plus!<\/p>\n\n\n\n<p>Noi nu suntem planificatori financiari certifica\u021bi. \u00cen timp ce ne str\u0103duim s\u0103 oferim informa\u021bii \u0219i perspective valoroase \u00een materie de finan\u021be personale, este esen\u021bial s\u0103 \u00een\u021belegem c\u0103 expertiza noastr\u0103 const\u0103 \u00een \u00eemp\u0103rt\u0103\u0219irea experien\u021belor \u0219i cuno\u0219tin\u021belor noastre acumulate \u00een urma unor cercet\u0103ri extinse pe internet.<\/p>\n\n\n\n<p>Atunci c\u00e2nd este vorba de banii c\u00e2\u0219tiga\u021bi cu greu \u0219i de luarea unor decizii financiare importante, v\u0103 recomand\u0103m cu t\u0103rie s\u0103 consulta\u021bi un profesionist certificat.<\/p>\n\n\n\n<p>Ace\u0219tia dispun de expertiza necesar\u0103 pentru a v\u0103 ghida \u00een luarea unor decizii \u00een cuno\u0219tin\u021b\u0103 de cauz\u0103, adaptate la circumstan\u021bele dumneavoastr\u0103 specifice. Bun\u0103starea dvs. financiar\u0103 merit\u0103 cea mai mare aten\u021bie, a\u0219a c\u0103 nu ezita\u021bi niciodat\u0103 s\u0103 solicita\u021bi consiliere profesional\u0103 atunci c\u00e2nd este necesar.<\/p>\n\n\n\n<p>\u00cen cele din urm\u0103, nu uita\u021bi c\u0103 parcursul financiar al fiec\u0103ruia este unic \u0219i c\u0103 ceea ce func\u021bioneaz\u0103 pentru o persoan\u0103 poate s\u0103 nu func\u021bioneze pentru alta.<\/p>\n\n\n\n<p>De\u0219i ne str\u0103duim s\u0103 oferim informa\u021bii exacte \u0219i actualizate, este \u00eentotdeauna o idee bun\u0103 s\u0103 efectua\u021bi propriile cercet\u0103ri \u0219i s\u0103 verifica\u021bi orice informa\u021bie furnizat\u0103 pe ProIncomePanda. Peisajul financiar este \u00een continu\u0103 evolu\u021bie \u0219i pot ap\u0103rea noi evolu\u021bii care ar putea avea un impact asupra acurate\u021bei sau relevan\u021bei con\u021binutului partajat anterior.<\/p>\n\n\n\n<p>V\u0103 mul\u021bumim c\u0103 v-a\u021bi f\u0103cut timp s\u0103 citi\u021bi aceast\u0103 declara\u021bie de renun\u021bare la r\u0103spundere. Apreciem cu adev\u0103rat \u00eencrederea \u0219i implicarea dumneavoastr\u0103 \u00een ProIncomePanda. <\/p>","protected":false},"excerpt":{"rendered":"<p>1. Termeni Prin accesarea acestui site web, accesibil de la https:\/\/proincomepanda.com\/, sunte\u021bi de acord s\u0103 respecta\u021bi ace\u0219ti Termeni \u0219i condi\u021bii de utilizare a site-ului web \u0219i sunte\u021bi de acord c\u0103 sunte\u021bi responsabil pentru ... <a title=\"Termeni \u0219i condi\u021bii de utilizare a site-ului web\" class=\"read-more\" href=\"https:\/\/proincomepanda.com\/ro\/terms-of-service\/\" aria-label=\"Cite\u0219te mai multe despre Termeni \u0219i condi\u021bii de utilizare a site-ului\">Cite\u0219te mai mult<\/a><\/p>","protected":false},"author":1,"featured_media":0,"parent":0,"menu_order":0,"comment_status":"closed","ping_status":"closed","template":"","meta":{"_seopress_robots_primary_cat":"","_seopress_titles_title":"","_seopress_titles_desc":"","_seopress_robots_index":"","footnotes":""},"class_list":["post-102","page","type-page","status-publish"],"_links":{"self":[{"href":"https:\/\/proincomepanda.com\/ro\/wp-json\/wp\/v2\/pages\/102","targetHints":{"allow":["GET"]}}],"collection":[{"href":"https:\/\/proincomepanda.com\/ro\/wp-json\/wp\/v2\/pages"}],"about":[{"href":"https:\/\/proincomepanda.com\/ro\/wp-json\/wp\/v2\/types\/page"}],"author":[{"embeddable":true,"href":"https:\/\/proincomepanda.com\/ro\/wp-json\/wp\/v2\/users\/1"}],"replies":[{"embeddable":true,"href":"https:\/\/proincomepanda.com\/ro\/wp-json\/wp\/v2\/comments?post=102"}],"version-history":[{"count":0,"href":"https:\/\/proincomepanda.com\/ro\/wp-json\/wp\/v2\/pages\/102\/revisions"}],"wp:attachment":[{"href":"https:\/\/proincomepanda.com\/ro\/wp-json\/wp\/v2\/media?parent=102"}],"curies":[{"name":"wp","href":"https:\/\/api.w.org\/{rel}","templated":true}]}}