{"id":100,"date":"2021-02-07T05:38:30","date_gmt":"2021-02-07T05:38:30","guid":{"rendered":"https:\/\/proincomepanda.com\/?page_id=100"},"modified":"2022-08-12T04:13:00","modified_gmt":"2022-08-12T04:13:00","slug":"politica-de-confidentialitate","status":"publish","type":"page","link":"https:\/\/proincomepanda.com\/ro\/privacy-policy\/","title":{"rendered":"Politica de confiden\u021bialitate pentru ProIncomePanda"},"content":{"rendered":"<p>La Pro Income Panda, accesibil de la https:\/\/proincomepanda.com\/, una dintre priorit\u0103\u021bile noastre principale este confiden\u021bialitatea vizitatorilor no\u0219tri. Acest document privind politica de confiden\u021bialitate con\u021bine tipurile de informa\u021bii care sunt colectate \u0219i \u00eenregistrate de Pro Income Panda \u0219i modul \u00een care le folosim.<\/p>\n\n\n\n<p>Dac\u0103 ave\u021bi \u00eentreb\u0103ri suplimentare sau dac\u0103 ave\u021bi nevoie de mai multe informa\u021bii despre Politica noastr\u0103 de confiden\u021bialitate, nu ezita\u021bi s\u0103 ne contacta\u021bi.<\/p>\n\n\n\n<p>Aceast\u0103 politic\u0103 de confiden\u021bialitate se aplic\u0103 numai activit\u0103\u021bilor noastre online \u0219i este valabil\u0103 pentru vizitatorii site-ului nostru \u00een ceea ce prive\u0219te informa\u021biile pe care le-au partajat \u0219i\/sau colectat \u00een Pro Income Panda. Aceast\u0103 politic\u0103 nu se aplic\u0103 \u00een cazul informa\u021biilor colectate offline sau prin alte canale dec\u00e2t acest site web.<\/p>\n\n\n\n<h2 class=\"wp-block-heading\">Consim\u021b\u0103m\u00e2nt<\/h2>\n\n\n\n<p>Prin utilizarea site-ului nostru web, sunte\u021bi de acord cu Politica noastr\u0103 de confiden\u021bialitate \u0219i accepta\u021bi termenii acesteia.<\/p>\n\n\n\n<h2 class=\"wp-block-heading\">Informa\u021biile pe care le colect\u0103m<\/h2>\n\n\n\n<p>Informa\u021biile personale pe care vi se cere s\u0103 le furniza\u021bi \u0219i motivele pentru care vi se cere s\u0103 le furniza\u021bi v\u0103 vor fi explicate \u00een mod clar \u00een momentul \u00een care v\u0103 solicit\u0103m s\u0103 furniza\u021bi informa\u021biile personale.<\/p>\n\n\n\n<p>Dac\u0103 ne contacta\u021bi direct, este posibil s\u0103 primim informa\u021bii suplimentare despre dumneavoastr\u0103, cum ar fi numele, adresa de e-mail, num\u0103rul de telefon, con\u021binutul mesajului \u0219i\/sau al ata\u0219amentelor pe care ni le trimite\u021bi \u0219i orice alte informa\u021bii pe care alege\u021bi s\u0103 le furniza\u021bi.<\/p>\n\n\n\n<p>Atunci c\u00e2nd v\u0103 \u00eenregistra\u021bi pentru un Cont, v\u0103 putem cere informa\u021bii de contact, inclusiv elemente precum numele, numele companiei, adresa, adresa de e-mail \u0219i num\u0103rul de telefon.<\/p>\n\n\n\n<h2 class=\"wp-block-heading\">Cum folosim informa\u021biile dumneavoastr\u0103<\/h2>\n\n\n\n<p>Utiliz\u0103m informa\u021biile pe care le colect\u0103m \u00een diverse moduri, inclusiv pentru:<\/p>\n\n\n\n<ul class=\"wp-block-list\"><li>Furnizarea, operarea \u0219i \u00eentre\u021binerea site-ului nostru web<\/li><li>\u00cembun\u0103t\u0103\u021birea, personalizarea \u0219i extinderea site-ului nostru web<\/li><li>S\u0103 \u00een\u021belegem \u0219i s\u0103 analiz\u0103m modul \u00een care utiliza\u021bi site-ul nostru web<\/li><li>Dezvoltarea de noi produse, servicii, caracteristici \u0219i func\u021bionalit\u0103\u021bi<\/li><li>S\u0103 comunic\u0103m cu dumneavoastr\u0103, fie direct, fie prin intermediul unuia dintre partenerii no\u0219tri, inclusiv pentru serviciul clien\u021bi, pentru a v\u0103 furniza actualiz\u0103ri \u0219i alte informa\u021bii referitoare la site-ul web \u0219i \u00een scopuri de marketing \u0219i promo\u021bionale.<\/li><li>Trimite\u021bi e-mailuri<\/li><li>G\u0103si\u021bi \u0219i preveni\u021bi frauda<\/li><\/ul>\n\n\n\n<h2 class=\"wp-block-heading\">Fi\u0219iere jurnal<\/h2>\n\n\n\n<p>Pro Income Panda urmeaz\u0103 o procedur\u0103 standard de utilizare a fi\u0219ierelor jurnal. Aceste fi\u0219iere \u00eenregistreaz\u0103 vizitatorii atunci c\u00e2nd ace\u0219tia viziteaz\u0103 site-uri web. Toate companiile de g\u0103zduire fac acest lucru \u0219i o parte a analizei serviciilor de g\u0103zduire. Informa\u021biile colectate de fi\u0219ierele jurnal includ adresele de protocol internet (IP), tipul de browser, furnizorul de servicii internet (ISP), data \u0219i ora, paginile de trimitere\/ie\u0219ire \u0219i, eventual, num\u0103rul de clicuri. Acestea nu sunt legate de nicio informa\u021bie care s\u0103 permit\u0103 identificarea personal\u0103. Scopul acestor informa\u021bii este de a analiza tendin\u021bele, de a administra site-ul, de a urm\u0103ri mi\u0219c\u0103rile utilizatorilor pe site \u0219i de a colecta informa\u021bii demografice.<\/p>\n\n\n\n<h2 class=\"wp-block-heading\">Cookie-uri \u0219i balize web<\/h2>\n\n\n\n<p>Ca orice alt site web, Pro Income Panda utilizeaz\u0103 \"cookie-uri\". Aceste cookie-uri sunt folosite pentru a stoca informa\u021bii, inclusiv preferin\u021bele vizitatorilor \u0219i paginile de pe site pe care vizitatorul le-a accesat sau vizitat. Informa\u021biile sunt utilizate pentru a optimiza experien\u021ba utilizatorilor prin personalizarea con\u021binutului paginilor noastre web pe baza tipului de browser al vizitatorilor \u0219i\/sau a altor informa\u021bii.<\/p>\n\n\n\n<p>Pentru mai multe informa\u021bii generale despre cookie-uri, v\u0103 rug\u0103m s\u0103 citi\u021bi <a href=\"https:\/\/www.cookieconsent.com\/what-are-cookies\/\">\"Ce sunt cookie-urile\" de la Consim\u021b\u0103m\u00e2ntul privind cookie-urile<\/a>.<\/p>\n\n\n\n<h2 class=\"wp-block-heading\">Cookie-ul DART DoubleClick de la Google<\/h2>\n\n\n\n<p>Google este unul dintre furnizorii ter\u021bi de pe site-ul nostru. De asemenea, acesta utilizeaz\u0103 cookie-uri, cunoscute sub numele de cookie-uri DART, pentru a difuza anun\u021buri vizitatorilor site-ului nostru pe baza vizitei acestora la www.website.com \u0219i pe alte site-uri de pe internet. Cu toate acestea, vizitatorii pot alege s\u0103 refuze utilizarea cookie-urilor DART vizit\u00e2nd Politica de confiden\u021bialitate a re\u021belei de anun\u021buri \u0219i con\u021binut Google la urm\u0103toarea adres\u0103 URL - <a href=\"https:\/\/policies.google.com\/technologies\/ads\">https:\/\/policies.google.com\/technologies\/ads<\/a><\/p>\n\n\n\n<h2 class=\"wp-block-heading\">Partenerii no\u0219tri de publicitate<\/h2>\n\n\n\n<p>Unii agen\u021bi de publicitate de pe site-ul nostru pot utiliza cookie-uri \u0219i balize web. Partenerii no\u0219tri publicitari sunt enumera\u021bi mai jos. Fiecare dintre partenerii no\u0219tri publicitari are propria politic\u0103 de confiden\u021bialitate pentru politicile sale privind datele utilizatorilor. Pentru un acces mai u\u0219or, am f\u0103cut un hyperlink c\u0103tre politicile lor de confiden\u021bialitate mai jos.<\/p>\n\n\n\n<ul class=\"wp-block-list\"><li>Google\n<p><a href=\"https:\/\/policies.google.com\/technologies\/ads\">https:\/\/policies.google.com\/technologies\/ads<\/a><\/p>\n<\/li><\/ul>\n\n\n\n<h2 class=\"wp-block-heading\">Parteneri publicitari Politici de confiden\u021bialitate<\/h2>\n\n\n\n<p>Pute\u021bi consulta aceast\u0103 list\u0103 pentru a g\u0103si Politica de confiden\u021bialitate pentru fiecare dintre partenerii publicitari ai Pro Income Panda.<\/p>\n\n\n\n<p>Serverele de anun\u021buri sau re\u021belele de anun\u021buri ale unor ter\u021be p\u0103r\u021bi utilizeaz\u0103 tehnologii precum cookie-uri, JavaScript sau Web Beacons care sunt utilizate \u00een anun\u021burile \u0219i link-urile respective care apar pe Pro Income Panda, care sunt trimise direct c\u0103tre browserul utilizatorilor. Ace\u0219tia primesc \u00een mod automat adresa dumneavoastr\u0103 IP atunci c\u00e2nd se \u00eent\u00e2mpl\u0103 acest lucru. Aceste tehnologii sunt utilizate pentru a m\u0103sura eficien\u021ba campaniilor lor publicitare \u0219i\/sau pentru a personaliza con\u021binutul publicitar pe care \u00eel vede\u021bi pe site-urile web pe care le vizita\u021bi.<\/p>\n\n\n\n<p>Re\u021bine\u021bi c\u0103 Pro Income Panda nu are acces sau control asupra acestor cookie-uri care sunt utilizate de c\u0103tre agen\u021bii de publicitate ter\u021b\u0103 parte.<\/p>\n\n\n\n<h2 class=\"wp-block-heading\">Politicile de confiden\u021bialitate ale ter\u021bilor<\/h2>\n\n\n\n<p>Politica de confiden\u021bialitate a Pro Income Panda nu se aplic\u0103 altor agen\u021bi de publicitate sau site-uri web. Astfel, v\u0103 sf\u0103tuim s\u0103 consulta\u021bi Politicile de confiden\u021bialitate respective ale acestor servere de publicitate ter\u021be pentru informa\u021bii mai detaliate. Aceasta poate include practicile acestora \u0219i instruc\u021biuni despre cum s\u0103 renun\u021ba\u021bi la anumite op\u021biuni.<\/p>\n\n\n\n<p>Pute\u021bi alege s\u0103 dezactiva\u021bi modulele cookie prin intermediul op\u021biunilor individuale ale browserului dumneavoastr\u0103. Pentru a afla informa\u021bii mai detaliate despre gestionarea cookie-urilor cu browsere web specifice, acestea pot fi g\u0103site pe site-urile web ale browserelor respective.<\/p>\n\n\n\n<h2 class=\"wp-block-heading\">Drepturile de confiden\u021bialitate CCPA (Nu-mi vinde\u021bi informa\u021biile personale)<\/h2>\n\n\n\n<p>\u00cen conformitate cu CCPA, printre alte drepturi, consumatorii din California au dreptul la:<\/p>\n\n\n\n<p>Solicitarea ca o \u00eentreprindere care colecteaz\u0103 datele cu caracter personal ale unui consumator s\u0103 dezv\u0103luie categoriile \u0219i elementele specifice de date cu caracter personal pe care o \u00eentreprindere le-a colectat despre consumatori.<\/p>\n\n\n\n<p>s\u0103 solicite ca o \u00eentreprindere s\u0103 \u0219tearg\u0103 toate datele cu caracter personal pe care le-a colectat despre consumator.<\/p>\n\n\n\n<p>Cere\u021bi ca o \u00eentreprindere care vinde datele personale ale unui consumator s\u0103 nu v\u00e2nd\u0103 datele personale ale acestuia.<\/p>\n\n\n\n<p>Dac\u0103 face\u021bi o cerere, avem la dispozi\u021bie o lun\u0103 pentru a v\u0103 r\u0103spunde. Dac\u0103 dori\u021bi s\u0103 v\u0103 exercita\u021bi oricare dintre aceste drepturi, v\u0103 rug\u0103m s\u0103 ne contacta\u021bi.<\/p>\n\n\n\n<h2 class=\"wp-block-heading\">Drepturile de protec\u021bie a datelor GDPR<\/h2>\n\n\n\n<p>Dorim s\u0103 ne asigur\u0103m c\u0103 sunte\u021bi pe deplin con\u0219tien\u021bi de toate drepturile dumneavoastr\u0103 \u00een materie de protec\u021bie a datelor. Fiecare utilizator are dreptul la urm\u0103toarele:<\/p>\n\n\n\n<p>Dreptul de acces - Ave\u021bi dreptul de a solicita copii ale datelor dumneavoastr\u0103 cu caracter personal. Este posibil s\u0103 v\u0103 percepem o mic\u0103 tax\u0103 pentru acest serviciu.<\/p>\n\n\n\n<p>Dreptul la rectificare - Ave\u021bi dreptul de a ne solicita s\u0103 corect\u0103m orice informa\u021bie pe care o considera\u021bi inexact\u0103. De asemenea, ave\u021bi dreptul de a ne solicita s\u0103 complet\u0103m informa\u021biile pe care le considera\u021bi incomplete.<\/p>\n\n\n\n<p>Dreptul la \u0219tergere - Ave\u021bi dreptul de a ne solicita s\u0103 v\u0103 \u0219tergem datele cu caracter personal, \u00een anumite condi\u021bii.<\/p>\n\n\n\n<p>Dreptul de a restric\u021biona prelucrarea - Ave\u021bi dreptul de a ne solicita s\u0103 restric\u021bion\u0103m prelucrarea datelor dumneavoastr\u0103 cu caracter personal, \u00een anumite condi\u021bii.<\/p>\n\n\n\n<p>Dreptul de a v\u0103 opune prelucr\u0103rii - Ave\u021bi dreptul de a v\u0103 opune prelucr\u0103rii de c\u0103tre noi a datelor dumneavoastr\u0103 cu caracter personal, \u00een anumite condi\u021bii.<\/p>\n\n\n\n<p>Dreptul la portabilitatea datelor - Ave\u021bi dreptul de a ne solicita s\u0103 transfer\u0103m datele pe care le-am colectat c\u0103tre o alt\u0103 organiza\u021bie sau direct c\u0103tre dumneavoastr\u0103, \u00een anumite condi\u021bii.<\/p>\n\n\n\n<p>Dac\u0103 face\u021bi o cerere, avem la dispozi\u021bie o lun\u0103 pentru a v\u0103 r\u0103spunde. Dac\u0103 dori\u021bi s\u0103 v\u0103 exercita\u021bi oricare dintre aceste drepturi, v\u0103 rug\u0103m s\u0103 ne contacta\u021bi.<\/p>\n\n\n\n<h2 class=\"wp-block-heading\">Informa\u021bii pentru copii<\/h2>\n\n\n\n<p>O alt\u0103 parte a priorit\u0103\u021bii noastre este ad\u0103ugarea de protec\u021bie pentru copii \u00een timpul utiliz\u0103rii internetului. \u00cencuraj\u0103m p\u0103rin\u021bii \u0219i tutorii s\u0103 observe, s\u0103 participe \u0219i\/sau s\u0103 monitorizeze \u0219i s\u0103 \u00eendrume activitatea online a copiilor.<\/p>\n\n\n\n<p>Pro Income Panda nu colecteaz\u0103 cu bun\u0103 \u0219tiin\u021b\u0103 informa\u021bii personale identificabile de la copii cu v\u00e2rsta sub 13 ani. Dac\u0103 crede\u021bi c\u0103 copilul dvs. a furnizat acest tip de informa\u021bii pe site-ul nostru, v\u0103 \u00eencuraj\u0103m s\u0103 ne contacta\u021bi imediat \u0219i vom face tot posibilul pentru a elimina imediat aceste informa\u021bii din \u00eenregistr\u0103rile noastre.<\/p>","protected":false},"excerpt":{"rendered":"<p>La Pro Income Panda, accesibil de la https:\/\/proincomepanda.com\/, una dintre priorit\u0103\u021bile noastre principale este confiden\u021bialitatea vizitatorilor no\u0219tri. Acest document privind politica de confiden\u021bialitate con\u021bine tipurile de informa\u021bii care sunt colectate \u0219i ... <a title=\"Politica de confiden\u021bialitate pentru ProIncomePanda\" class=\"read-more\" href=\"https:\/\/proincomepanda.com\/ro\/privacy-policy\/\" aria-label=\"Cite\u0219te mai multe despre Politica de confiden\u021bialitate pentru ProIncomePanda\">Cite\u0219te mai mult<\/a><\/p>","protected":false},"author":1,"featured_media":0,"parent":0,"menu_order":0,"comment_status":"closed","ping_status":"closed","template":"","meta":{"_seopress_robots_primary_cat":"","_seopress_titles_title":"","_seopress_titles_desc":"","_seopress_robots_index":"yes","footnotes":""},"class_list":["post-100","page","type-page","status-publish"],"_links":{"self":[{"href":"https:\/\/proincomepanda.com\/ro\/wp-json\/wp\/v2\/pages\/100","targetHints":{"allow":["GET"]}}],"collection":[{"href":"https:\/\/proincomepanda.com\/ro\/wp-json\/wp\/v2\/pages"}],"about":[{"href":"https:\/\/proincomepanda.com\/ro\/wp-json\/wp\/v2\/types\/page"}],"author":[{"embeddable":true,"href":"https:\/\/proincomepanda.com\/ro\/wp-json\/wp\/v2\/users\/1"}],"replies":[{"embeddable":true,"href":"https:\/\/proincomepanda.com\/ro\/wp-json\/wp\/v2\/comments?post=100"}],"version-history":[{"count":0,"href":"https:\/\/proincomepanda.com\/ro\/wp-json\/wp\/v2\/pages\/100\/revisions"}],"wp:attachment":[{"href":"https:\/\/proincomepanda.com\/ro\/wp-json\/wp\/v2\/media?parent=100"}],"curies":[{"name":"wp","href":"https:\/\/api.w.org\/{rel}","templated":true}]}}