{"id":100,"date":"2021-02-07T05:38:30","date_gmt":"2021-02-07T05:38:30","guid":{"rendered":"https:\/\/proincomepanda.com\/?page_id=100"},"modified":"2022-08-12T04:13:00","modified_gmt":"2022-08-12T04:13:00","slug":"politica-de-privacidade","status":"publish","type":"page","link":"https:\/\/proincomepanda.com\/pt\/privacy-policy\/","title":{"rendered":"Pol\u00edtica de privacidade para ProIncomePanda"},"content":{"rendered":"<p>Na Pro Income Panda, acess\u00edvel em https:\/\/proincomepanda.com\/, uma de nossas principais prioridades \u00e9 a privacidade de nossos visitantes. Este documento de Pol\u00edtica de Privacidade cont\u00e9m tipos de informa\u00e7\u00f5es que s\u00e3o coletadas e registradas pela Pro Income Panda e como as utilizamos.<\/p>\n\n\n\n<p>Se voc\u00ea tiver perguntas adicionais ou precisar de mais informa\u00e7\u00f5es sobre nossa Pol\u00edtica de Privacidade, n\u00e3o hesite em nos contatar.<\/p>\n\n\n\n<p>Esta Pol\u00edtica de Privacidade se aplica somente \u00e0s nossas atividades online e \u00e9 v\u00e1lida para os visitantes de nosso website com rela\u00e7\u00e3o \u00e0s informa\u00e7\u00f5es que eles compartilharam e\/ou coletaram na Pro Income Panda. Esta pol\u00edtica n\u00e3o se aplica a nenhuma informa\u00e7\u00e3o coletada offline ou atrav\u00e9s de outros canais que n\u00e3o este website.<\/p>\n\n\n\n<h2 class=\"wp-block-heading\">Consentimento<\/h2>\n\n\n\n<p>Ao utilizar nosso website, voc\u00ea consente com a nossa Pol\u00edtica de Privacidade e concorda com seus termos.<\/p>\n\n\n\n<h2 class=\"wp-block-heading\">Informa\u00e7\u00f5es que coletamos<\/h2>\n\n\n\n<p>As informa\u00e7\u00f5es pessoais que lhe forem solicitadas, e as raz\u00f5es pelas quais voc\u00ea \u00e9 solicitado a fornec\u00ea-las, lhe ser\u00e3o esclarecidas no momento em que lhe solicitarmos que forne\u00e7a suas informa\u00e7\u00f5es pessoais.<\/p>\n\n\n\n<p>Se voc\u00ea nos contatar diretamente, poderemos receber informa\u00e7\u00f5es adicionais sobre voc\u00ea, tais como seu nome, endere\u00e7o de e-mail, n\u00famero de telefone, o conte\u00fado da mensagem e\/ou anexos que voc\u00ea pode nos enviar, e qualquer outra informa\u00e7\u00e3o que voc\u00ea possa optar por fornecer.<\/p>\n\n\n\n<p>Quando voc\u00ea se registra para uma conta, podemos solicitar suas informa\u00e7\u00f5es de contato, incluindo itens como nome, nome da empresa, endere\u00e7o, endere\u00e7o de e-mail e n\u00famero de telefone.<\/p>\n\n\n\n<h2 class=\"wp-block-heading\">Como usamos suas informa\u00e7\u00f5es<\/h2>\n\n\n\n<p>Utilizamos as informa\u00e7\u00f5es que coletamos de v\u00e1rias maneiras, inclusive para:<\/p>\n\n\n\n<ul class=\"wp-block-list\"><li>Fornecer, operar e manter nosso website<\/li><li>Melhorar, personalizar e expandir nosso site<\/li><li>Entenda e analise como voc\u00ea utiliza nosso website<\/li><li>Desenvolver novos produtos, servi\u00e7os, caracter\u00edsticas e funcionalidades<\/li><li>Comunicar-se com voc\u00ea, diretamente ou atrav\u00e9s de um de nossos parceiros, inclusive para o atendimento ao cliente, para fornecer-lhe atualiza\u00e7\u00f5es e outras informa\u00e7\u00f5es relacionadas ao site, e para fins de marketing e promocionais<\/li><li>Enviar-lhe e-mails<\/li><li>Encontrar e prevenir fraudes<\/li><\/ul>\n\n\n\n<h2 class=\"wp-block-heading\">Arquivos de Log<\/h2>\n\n\n\n<p>O Pro Income Panda segue um procedimento padr\u00e3o de utiliza\u00e7\u00e3o de arquivos de log. Estes arquivos registram os visitantes quando eles visitam websites. Todas as empresas de hospedagem fazem isso e uma parte da an\u00e1lise dos servi\u00e7os de hospedagem. As informa\u00e7\u00f5es coletadas pelos arquivos de log incluem endere\u00e7os de protocolo de Internet (IP), tipo de navegador, provedor de servi\u00e7os de Internet (ISP), carimbo de data e hora, p\u00e1ginas de refer\u00eancia\/sa\u00edda e, possivelmente, o n\u00famero de cliques. Estes n\u00e3o est\u00e3o vinculados a nenhuma informa\u00e7\u00e3o pessoalmente identific\u00e1vel. O objetivo das informa\u00e7\u00f5es \u00e9 analisar tend\u00eancias, administrar o site, rastrear o movimento dos usu\u00e1rios no site e coletar informa\u00e7\u00f5es demogr\u00e1ficas.<\/p>\n\n\n\n<h2 class=\"wp-block-heading\">Biscoitos e Web Beacons<\/h2>\n\n\n\n<p>Como qualquer outro website, a Pro Income Panda usa 'cookies'. Estes cookies s\u00e3o usados para armazenar informa\u00e7\u00f5es incluindo as prefer\u00eancias dos visitantes, e as p\u00e1ginas do website que o visitante acessou ou visitou. As informa\u00e7\u00f5es s\u00e3o usadas para otimizar a experi\u00eancia dos usu\u00e1rios, personalizando o conte\u00fado de nossas p\u00e1ginas web com base no tipo de navegador dos visitantes e\/ou outras informa\u00e7\u00f5es.<\/p>\n\n\n\n<p>Para informa\u00e7\u00f5es mais gerais sobre cookies, por favor leia <a href=\"https:\/\/www.cookieconsent.com\/what-are-cookies\/\">\"O que s\u00e3o Cookies\" do Cookie Consentimento<\/a>.<\/p>\n\n\n\n<h2 class=\"wp-block-heading\">DART Cookie Google DoubleClick<\/h2>\n\n\n\n<p>O Google \u00e9 um dos fornecedores de terceiros em nosso site. Ele tamb\u00e9m usa cookies, conhecidos como DART cookies, para veicular an\u00fancios aos visitantes de nosso site com base em sua visita a www.website.com e outros sites na Internet. Entretanto, os visitantes podem optar por recusar o uso de cookies DART visitando o an\u00fancio do Google e a Pol\u00edtica de Privacidade da rede de conte\u00fado no seguinte URL - <a href=\"https:\/\/policies.google.com\/technologies\/ads\">https:\/\/policies.google.com\/technologies\/ads<\/a><\/p>\n\n\n\n<h2 class=\"wp-block-heading\">Nossos Parceiros de Publicidade<\/h2>\n\n\n\n<p>Alguns anunciantes em nosso site podem utilizar cookies e web beacons. Nossos parceiros publicit\u00e1rios est\u00e3o listados abaixo. Cada um de nossos parceiros de publicidade tem sua pr\u00f3pria Pol\u00edtica de Privacidade para suas pol\u00edticas sobre dados de usu\u00e1rios. Para um acesso mais f\u00e1cil, n\u00f3s colocamos um hyperlink para suas Pol\u00edticas de Privacidade abaixo.<\/p>\n\n\n\n<ul class=\"wp-block-list\"><li>Google\n<p><a href=\"https:\/\/policies.google.com\/technologies\/ads\">https:\/\/policies.google.com\/technologies\/ads<\/a><\/p>\n<\/li><\/ul>\n\n\n\n<h2 class=\"wp-block-heading\">Pol\u00edticas de Privacidade dos Parceiros de Publicidade<\/h2>\n\n\n\n<p>Voc\u00ea pode consultar esta lista para encontrar a Pol\u00edtica de Privacidade para cada um dos parceiros publicit\u00e1rios da Pro Income Panda.<\/p>\n\n\n\n<p>Os servidores ou redes de an\u00fancios de terceiros utilizam tecnologias como cookies, JavaScript ou Web Beacons que s\u00e3o usados em seus respectivos an\u00fancios e links que aparecem no Pro Income Panda, que s\u00e3o enviados diretamente para o navegador dos usu\u00e1rios. Eles recebem automaticamente seu endere\u00e7o IP quando isto ocorre. Estas tecnologias s\u00e3o utilizadas para medir a efic\u00e1cia de suas campanhas publicit\u00e1rias e\/ou para personalizar o conte\u00fado publicit\u00e1rio que voc\u00ea v\u00ea nos sites que visita.<\/p>\n\n\n\n<p>Observe que a Pro Income Panda n\u00e3o tem acesso ou controle sobre esses cookies que s\u00e3o usados por anunciantes de terceiros.<\/p>\n\n\n\n<h2 class=\"wp-block-heading\">Pol\u00edticas de Privacidade de Terceiros<\/h2>\n\n\n\n<p>A Pol\u00edtica de Privacidade Pro Income Panda n\u00e3o se aplica a outros anunciantes ou websites. Assim, aconselhamos que voc\u00ea consulte as respectivas Pol\u00edticas de Privacidade desses servidores de an\u00fancios de terceiros para obter informa\u00e7\u00f5es mais detalhadas. Ela pode incluir suas pr\u00e1ticas e instru\u00e7\u00f5es sobre como optar pela exclus\u00e3o de certas op\u00e7\u00f5es.<\/p>\n\n\n\n<p>Voc\u00ea pode optar por desativar os cookies atrav\u00e9s de suas op\u00e7\u00f5es individuais de navegador. Para conhecer informa\u00e7\u00f5es mais detalhadas sobre o gerenciamento de cookies com navegadores web espec\u00edficos, elas podem ser encontradas nos respectivos websites dos navegadores.<\/p>\n\n\n\n<h2 class=\"wp-block-heading\">CCPA Privacy Rights (N\u00e3o vender minhas informa\u00e7\u00f5es pessoais)<\/h2>\n\n\n\n<p>Nos termos do CCPA, entre outros direitos, os consumidores da Calif\u00f3rnia t\u00eam o direito de:<\/p>\n\n\n\n<p>Solicitar que uma empresa que coleta dados pessoais de um consumidor divulgue as categorias e os dados pessoais espec\u00edficos que uma empresa coletou sobre os consumidores.<\/p>\n\n\n\n<p>Solicitar que uma empresa apague quaisquer dados pessoais sobre o consumidor que uma empresa tenha coletado.<\/p>\n\n\n\n<p>Solicitar que uma empresa que vende dados pessoais de um consumidor, n\u00e3o venda os dados pessoais do consumidor.<\/p>\n\n\n\n<p>Se voc\u00ea fizer uma solicita\u00e7\u00e3o, temos um m\u00eas para responder a voc\u00ea. Se voc\u00ea quiser exercer algum destes direitos, por favor, entre em contato conosco.<\/p>\n\n\n\n<h2 class=\"wp-block-heading\">Direitos de prote\u00e7\u00e3o de dados da GDPR<\/h2>\n\n\n\n<p>Gostar\u00edamos de ter certeza de que voc\u00ea est\u00e1 plenamente ciente de todos os seus direitos de prote\u00e7\u00e3o de dados. Todo usu\u00e1rio tem direito ao seguinte:<\/p>\n\n\n\n<p>O direito de acesso - Voc\u00ea tem o direito de solicitar c\u00f3pias de seus dados pessoais. Podemos cobrar-lhe uma pequena taxa por este servi\u00e7o.<\/p>\n\n\n\n<p>O direito \u00e0 retifica\u00e7\u00e3o - Voc\u00ea tem o direito de solicitar que corrijamos qualquer informa\u00e7\u00e3o que acredite ser imprecisa. Voc\u00ea tamb\u00e9m tem o direito de solicitar que n\u00f3s completemos as informa\u00e7\u00f5es que voc\u00ea acredita que estejam incompletas.<\/p>\n\n\n\n<p>O direito de apagamento - Voc\u00ea tem o direito de solicitar que apagamos seus dados pessoais, sob certas condi\u00e7\u00f5es.<\/p>\n\n\n\n<p>O direito de restringir o processamento - Voc\u00ea tem o direito de solicitar que restrinjamos o processamento de seus dados pessoais, sob certas condi\u00e7\u00f5es.<\/p>\n\n\n\n<p>O direito de obje\u00e7\u00e3o ao processamento - Voc\u00ea tem o direito de obje\u00e7\u00e3o ao nosso processamento de seus dados pessoais, sob certas condi\u00e7\u00f5es.<\/p>\n\n\n\n<p>O direito \u00e0 portabilidade dos dados - Voc\u00ea tem o direito de solicitar a transfer\u00eancia dos dados que coletamos para outra organiza\u00e7\u00e3o, ou diretamente para voc\u00ea, sob certas condi\u00e7\u00f5es.<\/p>\n\n\n\n<p>Se voc\u00ea fizer uma solicita\u00e7\u00e3o, temos um m\u00eas para responder a voc\u00ea. Se voc\u00ea quiser exercer algum destes direitos, por favor, entre em contato conosco.<\/p>\n\n\n\n<h2 class=\"wp-block-heading\">Informa\u00e7\u00f5es para crian\u00e7as<\/h2>\n\n\n\n<p>Outra parte de nossa prioridade \u00e9 acrescentar prote\u00e7\u00e3o para crian\u00e7as enquanto utilizam a Internet. Incentivamos os pais e respons\u00e1veis a observar, participar e\/ou monitorar e orientar suas atividades online.<\/p>\n\n\n\n<p>Pro Income Panda n\u00e3o coleta intencionalmente nenhuma Informa\u00e7\u00e3o Pessoal Identific\u00e1vel de crian\u00e7as menores de 13 anos. Se voc\u00ea acha que seu filho forneceu este tipo de informa\u00e7\u00e3o em nosso website, n\u00f3s o encorajamos fortemente a entrar em contato conosco imediatamente e faremos nossos melhores esfor\u00e7os para remover prontamente tais informa\u00e7\u00f5es de nossos registros.<\/p>","protected":false},"excerpt":{"rendered":"<p>No Pro Income Panda, acess\u00edvel em https:\/\/proincomepanda.com\/, uma de nossas principais prioridades \u00e9 a privacidade de nossos visitantes. Este documento de Pol\u00edtica de Privacidade cont\u00e9m os tipos de informa\u00e7\u00f5es que s\u00e3o coletadas e ... <a title=\"Pol\u00edtica de privacidade para ProIncomePanda\" class=\"read-more\" href=\"https:\/\/proincomepanda.com\/pt\/privacy-policy\/\" aria-label=\"Leia mais sobre a Pol\u00edtica de Privacidade do ProIncomePanda\">Leia mais<\/a><\/p>","protected":false},"author":1,"featured_media":0,"parent":0,"menu_order":0,"comment_status":"closed","ping_status":"closed","template":"","meta":{"_seopress_robots_primary_cat":"","_seopress_titles_title":"","_seopress_titles_desc":"","_seopress_robots_index":"yes","footnotes":""},"class_list":["post-100","page","type-page","status-publish"],"_links":{"self":[{"href":"https:\/\/proincomepanda.com\/pt\/wp-json\/wp\/v2\/pages\/100","targetHints":{"allow":["GET"]}}],"collection":[{"href":"https:\/\/proincomepanda.com\/pt\/wp-json\/wp\/v2\/pages"}],"about":[{"href":"https:\/\/proincomepanda.com\/pt\/wp-json\/wp\/v2\/types\/page"}],"author":[{"embeddable":true,"href":"https:\/\/proincomepanda.com\/pt\/wp-json\/wp\/v2\/users\/1"}],"replies":[{"embeddable":true,"href":"https:\/\/proincomepanda.com\/pt\/wp-json\/wp\/v2\/comments?post=100"}],"version-history":[{"count":0,"href":"https:\/\/proincomepanda.com\/pt\/wp-json\/wp\/v2\/pages\/100\/revisions"}],"wp:attachment":[{"href":"https:\/\/proincomepanda.com\/pt\/wp-json\/wp\/v2\/media?parent=100"}],"curies":[{"name":"wp","href":"https:\/\/api.w.org\/{rel}","templated":true}]}}