{"id":100,"date":"2021-02-07T05:38:30","date_gmt":"2021-02-07T05:38:30","guid":{"rendered":"https:\/\/proincomepanda.com\/?page_id=100"},"modified":"2022-08-12T04:13:00","modified_gmt":"2022-08-12T04:13:00","slug":"polityka-prywatnosci","status":"publish","type":"page","link":"https:\/\/proincomepanda.com\/pl\/privacy-policy\/","title":{"rendered":"Polityka prywatno\u015bci dla ProIncomePanda"},"content":{"rendered":"<p>W Pro Income Panda, dost\u0119pnej pod adresem https:\/\/proincomepanda.com\/, jednym z naszych g\u0142\u00f3wnych priorytet\u00f3w jest prywatno\u015b\u0107 odwiedzaj\u0105cych. Niniejsza Polityka prywatno\u015bci zawiera rodzaje informacji gromadzonych i rejestrowanych przez Pro Income Panda oraz spos\u00f3b, w jaki je wykorzystujemy.<\/p>\n\n\n\n<p>Je\u015bli masz dodatkowe pytania lub potrzebujesz wi\u0119cej informacji na temat naszej Polityki prywatno\u015bci, nie wahaj si\u0119 z nami skontaktowa\u0107.<\/p>\n\n\n\n<p>Niniejsza Polityka prywatno\u015bci ma zastosowanie wy\u0142\u0105cznie do naszych dzia\u0142a\u0144 online i dotyczy os\u00f3b odwiedzaj\u0105cych nasz\u0105 stron\u0119 internetow\u0105 w odniesieniu do informacji, kt\u00f3re udost\u0119pniaj\u0105 i\/lub gromadz\u0105 w Pro Income Panda. Niniejsza polityka nie ma zastosowania do \u017cadnych informacji gromadzonych offline lub za po\u015brednictwem kana\u0142\u00f3w innych ni\u017c niniejsza strona internetowa.<\/p>\n\n\n\n<h2 class=\"wp-block-heading\">Zgoda<\/h2>\n\n\n\n<p>Korzystaj\u0105c z naszej strony internetowej, u\u017cytkownik niniejszym wyra\u017ca zgod\u0119 na nasz\u0105 Polityk\u0119 prywatno\u015bci i akceptuje jej warunki.<\/p>\n\n\n\n<h2 class=\"wp-block-heading\">Gromadzone przez nas informacje<\/h2>\n\n\n\n<p>Dane osobowe, o kt\u00f3rych podanie u\u017cytkownik jest proszony, oraz powody, dla kt\u00f3rych u\u017cytkownik jest proszony o ich podanie, zostan\u0105 mu wyja\u015bnione w momencie, gdy poprosimy go o podanie danych osobowych.<\/p>\n\n\n\n<p>Je\u015bli u\u017cytkownik skontaktuje si\u0119 z nami bezpo\u015brednio, mo\u017cemy otrzyma\u0107 dodatkowe informacje o u\u017cytkowniku, takie jak imi\u0119 i nazwisko, adres e-mail, numer telefonu, tre\u015b\u0107 wiadomo\u015bci i\/lub za\u0142\u0105cznik\u00f3w, kt\u00f3re u\u017cytkownik mo\u017ce nam przes\u0142a\u0107, oraz wszelkie inne informacje, kt\u00f3re u\u017cytkownik zdecyduje si\u0119 poda\u0107.<\/p>\n\n\n\n<p>Podczas rejestracji Konta mo\u017cemy poprosi\u0107 o podanie danych kontaktowych, w tym imienia i nazwiska, nazwy firmy, adresu, adresu e-mail i numeru telefonu.<\/p>\n\n\n\n<h2 class=\"wp-block-heading\">Jak wykorzystujemy informacje o u\u017cytkowniku<\/h2>\n\n\n\n<p>Gromadzone przez nas informacje wykorzystujemy na r\u00f3\u017cne sposoby, w tym do:<\/p>\n\n\n\n<ul class=\"wp-block-list\"><li>Zapewnienie, obs\u0142uga i utrzymanie naszej strony internetowej<\/li><li>Ulepszanie, personalizowanie i rozszerzanie naszej strony internetowej<\/li><li>Zrozumie\u0107 i przeanalizowa\u0107 spos\u00f3b, w jaki u\u017cytkownik korzysta z naszej strony internetowej<\/li><li>Opracowywanie nowych produkt\u00f3w, us\u0142ug, funkcji i funkcjonalno\u015bci<\/li><li>Komunikowanie si\u0119 z u\u017cytkownikiem, bezpo\u015brednio lub za po\u015brednictwem jednego z naszych partner\u00f3w, w tym w celu obs\u0142ugi klienta, dostarczania aktualizacji i innych informacji zwi\u0105zanych z witryn\u0105 oraz w celach marketingowych i promocyjnych.<\/li><li>Wysy\u0142anie wiadomo\u015bci e-mail<\/li><li>Znajdowanie i zapobieganie oszustwom<\/li><\/ul>\n\n\n\n<h2 class=\"wp-block-heading\">Pliki dziennika<\/h2>\n\n\n\n<p>Pro Income Panda stosuje standardow\u0105 procedur\u0119 korzystania z plik\u00f3w dziennika. Pliki te rejestruj\u0105 odwiedzaj\u0105cych, gdy odwiedzaj\u0105 strony internetowe. Robi\u0105 to wszystkie firmy hostingowe i jest to cz\u0119\u015b\u0107 analityki us\u0142ug hostingowych. Informacje gromadzone przez pliki dziennika obejmuj\u0105 adresy protoko\u0142u internetowego (IP), typ przegl\u0105darki, dostawc\u0119 us\u0142ug internetowych (ISP), znacznik daty i godziny, strony odsy\u0142aj\u0105ce\/wyj\u015bciowe i ewentualnie liczb\u0119 klikni\u0119\u0107. Nie s\u0105 one powi\u0105zane z \u017cadnymi informacjami umo\u017cliwiaj\u0105cymi identyfikacj\u0119 u\u017cytkownika. Celem tych informacji jest analiza trend\u00f3w, administrowanie stron\u0105, \u015bledzenie ruchu u\u017cytkownik\u00f3w na stronie oraz gromadzenie informacji demograficznych.<\/p>\n\n\n\n<h2 class=\"wp-block-heading\">Pliki cookie i sygna\u0142y nawigacyjne w sieci Web<\/h2>\n\n\n\n<p>Podobnie jak inne strony internetowe, Pro Income Panda wykorzystuje pliki cookie. Te pliki cookie s\u0105 u\u017cywane do przechowywania informacji, w tym preferencji odwiedzaj\u0105cych oraz stron w witrynie, do kt\u00f3rych odwiedzaj\u0105cy uzyska\u0142 dost\u0119p lub kt\u00f3re odwiedzi\u0142. Informacje te s\u0105 wykorzystywane do optymalizacji do\u015bwiadcze\u0144 u\u017cytkownik\u00f3w poprzez dostosowywanie zawarto\u015bci naszej strony internetowej w oparciu o typ przegl\u0105darki odwiedzaj\u0105cego i\/lub inne informacje.<\/p>\n\n\n\n<p>Aby uzyska\u0107 wi\u0119cej og\u00f3lnych informacji na temat plik\u00f3w cookie, przeczytaj <a href=\"https:\/\/www.cookieconsent.com\/what-are-cookies\/\">\"Czym s\u0105 pliki cookie\" od Cookie Consent<\/a>.<\/p>\n\n\n\n<h2 class=\"wp-block-heading\">Plik cookie Google DoubleClick DART<\/h2>\n\n\n\n<p>Google jest jednym z zewn\u0119trznych dostawc\u00f3w na naszej stronie. Wykorzystuje r\u00f3wnie\u017c pliki cookie, znane jako pliki cookie DART, do wy\u015bwietlania reklam odwiedzaj\u0105cym nasz\u0105 witryn\u0119 na podstawie ich wizyt na stronie www.website.com i innych witrynach w Internecie. Odwiedzaj\u0105cy mog\u0105 jednak zrezygnowa\u0107 z u\u017cywania plik\u00f3w cookie DART, odwiedzaj\u0105c Polityk\u0119 prywatno\u015bci sieci reklamowej i tre\u015bci Google pod nast\u0119puj\u0105cym adresem URL - <a href=\"https:\/\/policies.google.com\/technologies\/ads\">https:\/\/policies.google.com\/technologies\/ads<\/a><\/p>\n\n\n\n<h2 class=\"wp-block-heading\">Nasi partnerzy reklamowi<\/h2>\n\n\n\n<p>Niekt\u00f3rzy reklamodawcy na naszej stronie mog\u0105 wykorzystywa\u0107 pliki cookie i sygnalizatory WWW. Nasi partnerzy reklamowi s\u0105 wymienieni poni\u017cej. Ka\u017cdy z naszych partner\u00f3w reklamowych ma w\u0142asn\u0105 Polityk\u0119 prywatno\u015bci dotycz\u0105c\u0105 danych u\u017cytkownika. Aby u\u0142atwi\u0107 dost\u0119p, poni\u017cej zamie\u015bcili\u015bmy hiper\u0142\u0105cza do ich polityk prywatno\u015bci.<\/p>\n\n\n\n<ul class=\"wp-block-list\"><li>Google\n<p><a href=\"https:\/\/policies.google.com\/technologies\/ads\">https:\/\/policies.google.com\/technologies\/ads<\/a><\/p>\n<\/li><\/ul>\n\n\n\n<h2 class=\"wp-block-heading\">Polityka prywatno\u015bci partner\u00f3w reklamowych<\/h2>\n\n\n\n<p>Mo\u017cesz zapozna\u0107 si\u0119 z t\u0105 list\u0105, aby znale\u017a\u0107 Polityk\u0119 prywatno\u015bci ka\u017cdego z partner\u00f3w reklamowych Pro Income Panda.<\/p>\n\n\n\n<p>Zewn\u0119trzne serwery reklamowe lub sieci reklamowe wykorzystuj\u0105 technologie, takie jak pliki cookie, JavaScript lub sygna\u0142y nawigacyjne w sieci Web, kt\u00f3re s\u0105 u\u017cywane w odpowiednich reklamach i linkach wy\u015bwietlanych na Pro Income Panda, kt\u00f3re s\u0105 wysy\u0142ane bezpo\u015brednio do przegl\u0105darki u\u017cytkownika. W takim przypadku automatycznie otrzymuj\u0105 adres IP u\u017cytkownika. Technologie te s\u0105 wykorzystywane do pomiaru skuteczno\u015bci kampanii reklamowych i\/lub personalizacji tre\u015bci reklamowych wy\u015bwietlanych na odwiedzanych stronach internetowych.<\/p>\n\n\n\n<p>Nale\u017cy pami\u0119ta\u0107, \u017ce Pro Income Panda nie ma dost\u0119pu ani kontroli nad tymi plikami cookie, kt\u00f3re s\u0105 wykorzystywane przez zewn\u0119trznych reklamodawc\u00f3w.<\/p>\n\n\n\n<h2 class=\"wp-block-heading\">Polityka prywatno\u015bci stron trzecich<\/h2>\n\n\n\n<p>Polityka prywatno\u015bci Pro Income Panda nie ma zastosowania do innych reklamodawc\u00f3w lub stron internetowych. W zwi\u0105zku z tym zalecamy zapoznanie si\u0119 z odpowiednimi politykami prywatno\u015bci tych zewn\u0119trznych serwer\u00f3w reklamowych w celu uzyskania bardziej szczeg\u00f3\u0142owych informacji. Mo\u017ce to obejmowa\u0107 ich praktyki i instrukcje dotycz\u0105ce sposobu rezygnacji z niekt\u00f3rych opcji.<\/p>\n\n\n\n<p>U\u017cytkownik mo\u017ce wy\u0142\u0105czy\u0107 pliki cookie w opcjach swojej przegl\u0105darki. Bardziej szczeg\u00f3\u0142owe informacje na temat zarz\u0105dzania plikami cookie w poszczeg\u00f3lnych przegl\u0105darkach internetowych mo\u017cna znale\u017a\u0107 na ich stronach internetowych.<\/p>\n\n\n\n<h2 class=\"wp-block-heading\">Prawa do prywatno\u015bci CCPA (Nie sprzedawaj moich danych osobowych)<\/h2>\n\n\n\n<p>Zgodnie z CCPA, opr\u00f3cz innych praw, konsumenci w Kalifornii maj\u0105 prawo do:<\/p>\n\n\n\n<p>\u017b\u0105danie, aby firma, kt\u00f3ra gromadzi dane osobowe konsumenta, ujawni\u0142a kategorie i konkretne dane osobowe, kt\u00f3re firma zgromadzi\u0142a na temat konsument\u00f3w.<\/p>\n\n\n\n<p>\u017b\u0105danie, aby firma usun\u0119\u0142a wszelkie dane osobowe konsumenta, kt\u00f3re firma zgromadzi\u0142a.<\/p>\n\n\n\n<p>\u017b\u0105danie, aby firma, kt\u00f3ra sprzedaje dane osobowe konsumenta, nie sprzedawa\u0142a danych osobowych konsumenta.<\/p>\n\n\n\n<p>W przypadku z\u0142o\u017cenia wniosku mamy miesi\u0105c na udzielenie odpowiedzi. Je\u015bli chcesz skorzysta\u0107 z kt\u00f3regokolwiek z tych praw, skontaktuj si\u0119 z nami.<\/p>\n\n\n\n<h2 class=\"wp-block-heading\">Prawa do ochrony danych wynikaj\u0105ce z RODO<\/h2>\n\n\n\n<p>Chcieliby\u015bmy upewni\u0107 si\u0119, \u017ce jeste\u015b w pe\u0142ni \u015bwiadomy wszystkich swoich praw do ochrony danych. Ka\u017cdy u\u017cytkownik ma prawo do nast\u0119puj\u0105cych praw:<\/p>\n\n\n\n<p>Prawo dost\u0119pu - U\u017cytkownik ma prawo za\u017c\u0105da\u0107 kopii swoich danych osobowych. Za t\u0119 us\u0142ug\u0119 mo\u017cemy pobra\u0107 niewielk\u0105 op\u0142at\u0119.<\/p>\n\n\n\n<p>Prawo do sprostowania - U\u017cytkownik ma prawo za\u017c\u0105da\u0107 od nas sprostowania wszelkich informacji, kt\u00f3re uwa\u017ca za niedok\u0142adne. U\u017cytkownik ma r\u00f3wnie\u017c prawo za\u017c\u0105da\u0107 uzupe\u0142nienia informacji, kt\u00f3re uwa\u017ca za niekompletne.<\/p>\n\n\n\n<p>Prawo do usuni\u0119cia danych - U\u017cytkownik ma prawo za\u017c\u0105da\u0107 usuni\u0119cia swoich danych osobowych, pod pewnymi warunkami.<\/p>\n\n\n\n<p>Prawo do ograniczenia przetwarzania - U\u017cytkownik ma prawo za\u017c\u0105da\u0107 od nas ograniczenia przetwarzania jego danych osobowych pod pewnymi warunkami.<\/p>\n\n\n\n<p>Prawo do sprzeciwu wobec przetwarzania - U\u017cytkownik ma prawo sprzeciwi\u0107 si\u0119 przetwarzaniu przez nas jego danych osobowych pod pewnymi warunkami.<\/p>\n\n\n\n<p>Prawo do przenoszenia danych - u\u017cytkownik ma prawo za\u017c\u0105da\u0107, aby\u015bmy przekazali zebrane przez nas dane innej organizacji lub bezpo\u015brednio u\u017cytkownikowi, pod pewnymi warunkami.<\/p>\n\n\n\n<p>W przypadku z\u0142o\u017cenia wniosku mamy miesi\u0105c na udzielenie odpowiedzi. Je\u015bli chcesz skorzysta\u0107 z kt\u00f3regokolwiek z tych praw, skontaktuj si\u0119 z nami.<\/p>\n\n\n\n<h2 class=\"wp-block-heading\">Informacje dla dzieci<\/h2>\n\n\n\n<p>Kolejn\u0105 cz\u0119\u015bci\u0105 naszego priorytetu jest zapewnienie ochrony dzieciom podczas korzystania z Internetu. Zach\u0119camy rodzic\u00f3w i opiekun\u00f3w do obserwowania, uczestniczenia i\/lub monitorowania i kierowania ich aktywno\u015bci\u0105 online.<\/p>\n\n\n\n<p>Pro Income Panda nie gromadzi \u015bwiadomie \u017cadnych danych osobowych od dzieci w wieku poni\u017cej 13 lat. Je\u015bli uwa\u017casz, \u017ce Twoje dziecko poda\u0142o tego rodzaju informacje na naszej stronie internetowej, zdecydowanie zach\u0119camy do natychmiastowego skontaktowania si\u0119 z nami, a my do\u0142o\u017cymy wszelkich stara\u0144, aby niezw\u0142ocznie usun\u0105\u0107 takie informacje z naszych rejestr\u00f3w.<\/p>","protected":false},"excerpt":{"rendered":"<p>W Pro Income Panda, dost\u0119pnej pod adresem https:\/\/proincomepanda.com\/, jednym z naszych g\u0142\u00f3wnych priorytet\u00f3w jest prywatno\u015b\u0107 odwiedzaj\u0105cych. Niniejsza Polityka prywatno\u015bci zawiera rodzaje informacji, kt\u00f3re s\u0105 gromadzone i ... <a title=\"Polityka prywatno\u015bci dla ProIncomePanda\" class=\"read-more\" href=\"https:\/\/proincomepanda.com\/pl\/privacy-policy\/\" aria-label=\"Dowiedz si\u0119 wi\u0119cej o Polityce prywatno\u015bci ProIncomePanda\">Czytaj dalej<\/a><\/p>","protected":false},"author":1,"featured_media":0,"parent":0,"menu_order":0,"comment_status":"closed","ping_status":"closed","template":"","meta":{"_seopress_robots_primary_cat":"","_seopress_titles_title":"","_seopress_titles_desc":"","_seopress_robots_index":"yes","footnotes":""},"class_list":["post-100","page","type-page","status-publish"],"_links":{"self":[{"href":"https:\/\/proincomepanda.com\/pl\/wp-json\/wp\/v2\/pages\/100","targetHints":{"allow":["GET"]}}],"collection":[{"href":"https:\/\/proincomepanda.com\/pl\/wp-json\/wp\/v2\/pages"}],"about":[{"href":"https:\/\/proincomepanda.com\/pl\/wp-json\/wp\/v2\/types\/page"}],"author":[{"embeddable":true,"href":"https:\/\/proincomepanda.com\/pl\/wp-json\/wp\/v2\/users\/1"}],"replies":[{"embeddable":true,"href":"https:\/\/proincomepanda.com\/pl\/wp-json\/wp\/v2\/comments?post=100"}],"version-history":[{"count":0,"href":"https:\/\/proincomepanda.com\/pl\/wp-json\/wp\/v2\/pages\/100\/revisions"}],"wp:attachment":[{"href":"https:\/\/proincomepanda.com\/pl\/wp-json\/wp\/v2\/media?parent=100"}],"curies":[{"name":"wp","href":"https:\/\/api.w.org\/{rel}","templated":true}]}}