{"id":102,"date":"2021-02-07T05:40:31","date_gmt":"2021-02-07T05:40:31","guid":{"rendered":"https:\/\/proincomepanda.com\/?page_id=102"},"modified":"2024-07-10T13:04:02","modified_gmt":"2024-07-10T13:04:02","slug":"condizioni-di-servizio","status":"publish","type":"page","link":"https:\/\/proincomepanda.com\/it\/terms-of-service\/","title":{"rendered":"Termini e condizioni d'uso del sito web"},"content":{"rendered":"<h2 class=\"wp-block-heading\">1. Termini e condizioni<\/h2>\n\n\n\n<p>Accedendo a questo sito web, accessibile dal sito https:\/\/proincomepanda.com\/, l'utente accetta di essere vincolato dai presenti Termini e condizioni d'uso del sito web e accetta di essere responsabile dell'accordo con qualsiasi legge locale applicabile. Se non siete d'accordo con uno qualsiasi di questi termini, vi \u00e8 vietato accedere a questo sito. I materiali contenuti in questo sito web sono protetti dalle leggi sul copyright e sui marchi di fabbrica.<\/p>\n\n\n\n<h2 class=\"wp-block-heading\">2. Licenza d'uso<\/h2>\n\n\n\n<p>\u00c8 concesso il permesso di scaricare temporaneamente una copia dei materiali presenti sul sito web di ProIncomePanda solo per uso personale e non commerciale. Si tratta di una concessione di licenza, non di un trasferimento di propriet\u00e0, e in base a questa licenza non \u00e8 possibile:<\/p>\n\n\n\n<ul class=\"wp-block-list\">\n<li>modificare o copiare i materiali;<\/li>\n\n\n\n<li>utilizzare i materiali per qualsiasi scopo commerciale o per qualsiasi esposizione pubblica;<\/li>\n\n\n\n<li>tentare di decodificare qualsiasi software contenuto nel sito Web di ProIncomePanda;<\/li>\n\n\n\n<li>rimuovere qualsiasi nota di copyright o di altri diritti di propriet\u00e0 dai materiali; oppure<\/li>\n\n\n\n<li>trasferire i materiali a un'altra persona o \"rispecchiare\" i materiali su qualsiasi altro server.<\/li>\n<\/ul>\n\n\n\n<p>In questo modo, ProIncomePanda si interromper\u00e0 in caso di violazione di una qualsiasi di queste restrizioni. In caso di cessazione, anche il tuo diritto di visualizzazione verr\u00e0 interrotto e dovrai distruggere tutto il materiale scaricato in tuo possesso, sia in formato cartaceo che elettronico. I presenti Termini di servizio sono stati creati con l'aiuto del Generatore di Termini di servizio e del Generatore di norme sulla privacy.<\/p>\n\n\n\n<h2 class=\"wp-block-heading\">3. Esclusione di responsabilit\u00e0<\/h2>\n\n\n\n<p>Tutti i materiali presenti sul sito Web di ProIncomePanda sono forniti \"cos\u00ec come sono\". ProIncomePanda non fornisce alcuna garanzia, sia essa espressa o implicita, e pertanto nega ogni altra garanzia. Inoltre, ProIncomePanda non rilascia alcuna dichiarazione in merito all'accuratezza o all'affidabilit\u00e0 dell'uso dei materiali presenti sul proprio sito web o altrimenti relativi a tali materiali o a qualsiasi sito collegato a questo sito web.<\/p>\n\n\n\n<h2 class=\"wp-block-heading\">4. Limitazioni<\/h2>\n\n\n\n<p>ProIncomePanda o i suoi fornitori non saranno ritenuti responsabili per eventuali danni derivanti dall'uso o dall'impossibilit\u00e0 di utilizzare i materiali presenti sul Sito Web di ProIncomePanda, anche nel caso in cui ProIncomePanda o un suo rappresentante autorizzato siano stati informati, oralmente o per iscritto, della possibilit\u00e0 di tali danni. Alcune giurisdizioni non ammettono limitazioni alle garanzie implicite o limitazioni di responsabilit\u00e0 per danni accidentali; tali limitazioni potrebbero non essere applicabili all'utente.<\/p>\n\n\n\n<h2 class=\"wp-block-heading\">5. Revisioni ed errori<\/h2>\n\n\n\n<p>I materiali presenti sul sito Web di ProIncomePanda possono contenere errori tecnici, tipografici o fotografici. ProIncomePanda non garantisce che i materiali contenuti nel sito web siano accurati, completi o aggiornati. ProIncomePanda pu\u00f2 modificare i materiali contenuti nel proprio sito Web in qualsiasi momento e senza preavviso. ProIncomePanda non si impegna ad aggiornare i materiali.<\/p>\n\n\n\n<h2 class=\"wp-block-heading\">6. Collegamenti<\/h2>\n\n\n\n<p>ProIncomePanda non ha esaminato tutti i siti collegati al proprio sito web e non \u00e8 responsabile dei contenuti di tali siti. La presenza di un link non implica l'approvazione del sito da parte di ProIncomePanda. L'utilizzo di qualsiasi sito collegato \u00e8 a rischio dell'utente.<\/p>\n\n\n\n<h2 class=\"wp-block-heading\">7. Modifiche alle condizioni d'uso del sito<\/h2>\n\n\n\n<p>ProIncomePanda pu\u00f2 rivedere le presenti Condizioni d'uso del proprio sito web in qualsiasi momento e senza preavviso. Utilizzando il presente sito web, l'utente accetta di essere vincolato dalla versione attuale delle presenti Condizioni d'uso.<\/p>\n\n\n\n<h2 class=\"wp-block-heading\">8. La vostra privacy<\/h2>\n\n\n\n<p>Leggete il nostro <a href=\"https:\/\/proincomepanda.com\/it\/informativa-sulla-privacy\/\">Informativa sulla privacy<\/a>.<\/p>\n\n\n\n<h2 class=\"wp-block-heading\">9. Legge applicabile<\/h2>\n\n\n\n<p>Qualsiasi reclamo relativo al sito Web di ProIncomePanda sar\u00e0 disciplinato dalle leggi vigenti, senza tener conto dei conflitti di legge.<\/p>\n\n\n\n<h2 class=\"gb-headline gb-headline-58b9c05e gb-headline-text\">10. Esclusione di responsabilit\u00e0<\/h2>\n\n\n\n<p>Come avrete capito, la gestione di un blog come ProIncomePanda richiede un certo sostegno finanziario. Generiamo principalmente entrate attraverso la pubblicit\u00e0 sul nostro sito web.<\/p>\n\n\n\n<p>Ci\u00f2 significa che potreste imbattervi in alcuni annunci pubblicitari mentre esplorate i nostri contenuti. Inoltre, partecipiamo a vari programmi di affiliazione, collaborando con siti affidabili come Amazon e Impact Radius.<\/p>\n\n\n\n<p>Possiamo anche partecipare a programmi di affiliazione con diversi siti di sondaggi come Survey Junkie e Swagbucks.<\/p>\n\n\n\n<p>Si prega di notare che queste partnership ci permettono di guadagnare una piccola commissione se si effettua un acquisto o un'iscrizione attraverso i link che forniamo. Non c'\u00e8 alcun costo aggiuntivo!<\/p>\n\n\n\n<p>Non siamo pianificatori finanziari certificati. Sebbene ci sforziamo di fornire preziose intuizioni e informazioni su questioni di finanza personale, \u00e8 fondamentale capire che la nostra competenza consiste nel condividere le nostre esperienze e le conoscenze raccolte grazie a un'ampia ricerca su Internet.<\/p>\n\n\n\n<p>Quando si tratta del vostro denaro duramente guadagnato e di prendere decisioni finanziarie importanti, vi consigliamo vivamente di consultare un professionista certificato.<\/p>\n\n\n\n<p>Hanno l'esperienza necessaria per guidarvi a fare scelte informate e adeguate alle vostre specifiche circostanze. Il vostro benessere finanziario merita la massima attenzione, quindi non esitate mai a chiedere una consulenza professionale quando necessario.<\/p>\n\n\n\n<p>Infine, ricordate che il percorso finanziario di ognuno \u00e8 unico e ci\u00f2 che funziona per una persona pu\u00f2 non funzionare per un'altra.<\/p>\n\n\n\n<p>Sebbene ci sforziamo di fornire informazioni accurate e aggiornate, \u00e8 sempre consigliabile condurre una ricerca personale e fare un controllo incrociato di tutte le informazioni fornite su ProIncomePanda. Il panorama finanziario \u00e8 in continua evoluzione e possono verificarsi nuovi sviluppi che potrebbero influire sull'accuratezza o sulla pertinenza dei contenuti precedentemente condivisi.<\/p>\n\n\n\n<p>Grazie per aver dedicato del tempo alla lettura di questo disclaimer. Apprezziamo sinceramente la tua fiducia e il tuo impegno con ProIncomePanda. <\/p>","protected":false},"excerpt":{"rendered":"<p>1. Termini Accedendo a questo sito web, accessibile dal sito https:\/\/proincomepanda.com\/, l'utente accetta di essere vincolato dai presenti Termini e condizioni d'uso del sito web e accetta di essere responsabile per ... <a title=\"Termini e condizioni d&#039;uso del sito web\" class=\"read-more\" href=\"https:\/\/proincomepanda.com\/it\/terms-of-service\/\" aria-label=\"Per saperne di pi\u00f9 su Termini e condizioni d&#039;uso del sito web\">Leggi tutto<\/a><\/p>","protected":false},"author":1,"featured_media":0,"parent":0,"menu_order":0,"comment_status":"closed","ping_status":"closed","template":"","meta":{"_seopress_robots_primary_cat":"","_seopress_titles_title":"","_seopress_titles_desc":"","_seopress_robots_index":"","footnotes":""},"class_list":["post-102","page","type-page","status-publish"],"_links":{"self":[{"href":"https:\/\/proincomepanda.com\/it\/wp-json\/wp\/v2\/pages\/102","targetHints":{"allow":["GET"]}}],"collection":[{"href":"https:\/\/proincomepanda.com\/it\/wp-json\/wp\/v2\/pages"}],"about":[{"href":"https:\/\/proincomepanda.com\/it\/wp-json\/wp\/v2\/types\/page"}],"author":[{"embeddable":true,"href":"https:\/\/proincomepanda.com\/it\/wp-json\/wp\/v2\/users\/1"}],"replies":[{"embeddable":true,"href":"https:\/\/proincomepanda.com\/it\/wp-json\/wp\/v2\/comments?post=102"}],"version-history":[{"count":0,"href":"https:\/\/proincomepanda.com\/it\/wp-json\/wp\/v2\/pages\/102\/revisions"}],"wp:attachment":[{"href":"https:\/\/proincomepanda.com\/it\/wp-json\/wp\/v2\/media?parent=102"}],"curies":[{"name":"wp","href":"https:\/\/api.w.org\/{rel}","templated":true}]}}