{"id":102,"date":"2021-02-07T05:40:31","date_gmt":"2021-02-07T05:40:31","guid":{"rendered":"https:\/\/proincomepanda.com\/?page_id=102"},"modified":"2024-07-10T13:04:02","modified_gmt":"2024-07-10T13:04:02","slug":"condiciones-del-servicio","status":"publish","type":"page","link":"https:\/\/proincomepanda.com\/es\/terms-of-service\/","title":{"rendered":"Condiciones de uso del sitio web"},"content":{"rendered":"<h2 class=\"wp-block-heading\">1. T\u00e9rminos<\/h2>\n\n\n\n<p>Al acceder a este sitio web, al que se puede acceder desde https:\/\/proincomepanda.com\/, usted acepta las presentes condiciones de uso del sitio web y acepta que es responsable del cumplimiento de las leyes locales aplicables. Si no est\u00e1 de acuerdo con alguno de estos t\u00e9rminos, se le proh\u00edbe el acceso a este sitio. Los materiales contenidos en este sitio web est\u00e1n protegidos por la ley de derechos de autor y de marcas.<\/p>\n\n\n\n<h2 class=\"wp-block-heading\">2. Utilizaci\u00f3n de la licencia<\/h2>\n\n\n\n<p>Se concede permiso para descargar temporalmente una copia de los materiales en el sitio web de ProIncomePanda para su visualizaci\u00f3n transitoria personal y no comercial. Esta es la concesi\u00f3n de una licencia, no una transferencia de t\u00edtulo, y bajo esta licencia, usted no puede:<\/p>\n\n\n\n<ul class=\"wp-block-list\">\n<li>modificar o copiar los materiales;<\/li>\n\n\n\n<li>utilizar los materiales para cualquier fin comercial o para cualquier exhibici\u00f3n p\u00fablica;<\/li>\n\n\n\n<li>intentar aplicar ingenier\u00eda inversa a cualquier software contenido en el sitio web de ProIncomePanda;<\/li>\n\n\n\n<li>eliminar cualquier derecho de autor u otras anotaciones de propiedad de los materiales; o<\/li>\n\n\n\n<li>transferir los materiales a otra persona o \"reflejar\" los materiales en cualquier otro servidor.<\/li>\n<\/ul>\n\n\n\n<p>Esto permitir\u00e1 a ProIncomePanda terminar en caso de violaci\u00f3n de cualquiera de estas restricciones. Tras la terminaci\u00f3n, su derecho de visualizaci\u00f3n tambi\u00e9n se terminar\u00e1 y usted debe destruir cualquier material descargado en su posesi\u00f3n, ya sea en formato impreso o electr\u00f3nico. Estos T\u00e9rminos de Servicio han sido creados con la ayuda del Generador de T\u00e9rminos de Servicio y el Generador de Pol\u00edtica de Privacidad.<\/p>\n\n\n\n<h2 class=\"wp-block-heading\">3. Descargo de responsabilidad<\/h2>\n\n\n\n<p>Todos los materiales en el sitio web de ProIncomePanda se proporcionan \"tal cual\". ProIncomePanda no ofrece ninguna garant\u00eda, ya sea expresa o impl\u00edcita, por lo que niega cualquier otra garant\u00eda. Adem\u00e1s, ProIncomePanda no hace ninguna representaci\u00f3n con respecto a la exactitud o la fiabilidad del uso de los materiales en su sitio web o de otro tipo en relaci\u00f3n con dichos materiales o cualquier sitio vinculado a este sitio web.<\/p>\n\n\n\n<h2 class=\"wp-block-heading\">4. Limitaciones<\/h2>\n\n\n\n<p>ProIncomePanda o sus proveedores no ser\u00e1n responsables de cualquier da\u00f1o que surja con el uso o la imposibilidad de utilizar los materiales en el sitio web de ProIncomePanda, incluso si ProIncomePanda o un representante autorizado de este sitio web ha sido notificado, oralmente o por escrito, de la posibilidad de tales da\u00f1os. Algunas jurisdicciones no permiten limitaciones en las garant\u00edas impl\u00edcitas o limitaciones de responsabilidad por da\u00f1os incidentales, estas limitaciones pueden no aplicarse a usted.<\/p>\n\n\n\n<h2 class=\"wp-block-heading\">5. Revisiones y erratas<\/h2>\n\n\n\n<p>Los materiales que aparecen en el sitio web de ProIncomePanda pueden incluir errores t\u00e9cnicos, tipogr\u00e1ficos o fotogr\u00e1ficos. ProIncomePanda no promete que ninguno de los materiales de este sitio web sea preciso, completo o actual. ProIncomePanda puede cambiar los materiales contenidos en su sitio web en cualquier momento sin previo aviso. ProIncomePanda no se compromete a actualizar los materiales.<\/p>\n\n\n\n<h2 class=\"wp-block-heading\">6. Enlaces<\/h2>\n\n\n\n<p>ProIncomePanda no ha revisado todos los sitios vinculados a su sitio web y no es responsable de los contenidos de cualquier sitio vinculado. La presencia de cualquier enlace no implica la aprobaci\u00f3n de ProIncomePanda del sitio. El uso de cualquier sitio web vinculado es bajo el propio riesgo del usuario.<\/p>\n\n\n\n<h2 class=\"wp-block-heading\">7. Modificaciones de las condiciones de uso del sitio<\/h2>\n\n\n\n<p>ProIncomePanda puede revisar estas condiciones de uso de su sitio web en cualquier momento sin previo aviso. Al utilizar este sitio web, usted acepta estar obligado por la versi\u00f3n actual de estos T\u00e9rminos y Condiciones de Uso.<\/p>\n\n\n\n<h2 class=\"wp-block-heading\">8. Su privacidad<\/h2>\n\n\n\n<p>Por favor, lea nuestro <a href=\"https:\/\/proincomepanda.com\/es\/politica-de-privacidad\/\">Pol\u00edtica de privacidad<\/a>.<\/p>\n\n\n\n<h2 class=\"wp-block-heading\">9. Ley aplicable<\/h2>\n\n\n\n<p>Cualquier reclamaci\u00f3n relacionada con el sitio web de ProIncomePanda se regir\u00e1 por las leyes sin tener en cuenta su conflicto de disposiciones legales.<\/p>\n\n\n\n<h2 class=\"gb-headline gb-headline-58b9c05e gb-headline-text\">10. Descargo de responsabilidad<\/h2>\n\n\n\n<p>Como habr\u00e1s adivinado, llevar un blog como ProIncomePanda requiere cierto apoyo financiero. Principalmente generamos ingresos a trav\u00e9s de la publicidad en nuestro sitio web.<\/p>\n\n\n\n<p>Esto significa que es posible que encuentre algunos anuncios mientras explora nuestro contenido. Adem\u00e1s, participamos en varios programas de afiliaci\u00f3n, en asociaci\u00f3n con sitios de renombre como Amazon e Impact Radius.<\/p>\n\n\n\n<p>Tambi\u00e9n podemos participar en programas de afiliaci\u00f3n con diferentes sitios de encuestas como Survey Junkie y Swagbucks.<\/p>\n\n\n\n<p>Tenga en cuenta que estas asociaciones nos permiten ganar una peque\u00f1a comisi\u00f3n si realiza una compra o se registra a trav\u00e9s de los enlaces que proporcionamos. Tenga la seguridad de que no le supondr\u00e1 ning\u00fan coste adicional.<\/p>\n\n\n\n<p>No somos asesores financieros certificados. Aunque nos esforzamos por ofrecer ideas e informaci\u00f3n valiosas sobre asuntos de finanzas personales, es fundamental comprender que nuestra experiencia reside en compartir nuestras experiencias y conocimientos, adquiridos a trav\u00e9s de una exhaustiva investigaci\u00f3n en Internet.<\/p>\n\n\n\n<p>Cuando se trata de su dinero duramente ganado y de tomar decisiones financieras importantes, le recomendamos encarecidamente que consulte a un profesional certificado.<\/p>\n\n\n\n<p>Tienen la experiencia necesaria para guiarle en la toma de decisiones informadas y adaptadas a sus circunstancias espec\u00edficas. Su bienestar financiero merece la m\u00e1xima atenci\u00f3n, as\u00ed que no dude nunca en buscar asesoramiento profesional cuando lo necesite.<\/p>\n\n\n\n<p>Por \u00faltimo, recuerde que la trayectoria financiera de cada persona es \u00fanica, y que lo que funciona para una persona puede no funcionar para otra.<\/p>\n\n\n\n<p>Aunque nos esforzamos por proporcionar informaci\u00f3n precisa y actualizada, siempre es una buena idea llevar a cabo su propia investigaci\u00f3n y verificar cualquier informaci\u00f3n proporcionada en ProIncomePanda. El panorama financiero est\u00e1 en constante evoluci\u00f3n, y pueden surgir nuevos desarrollos que podr\u00edan afectar a la exactitud o relevancia del contenido previamente compartido.<\/p>\n\n\n\n<p>Gracias por tomarse el tiempo de leer este descargo de responsabilidad. Apreciamos sinceramente su confianza y compromiso con ProIncomePanda. <\/p>","protected":false},"excerpt":{"rendered":"<p>1. Condiciones Al acceder a este sitio web, accesible desde https:\/\/proincomepanda.com\/, usted acepta quedar vinculado por las presentes Condiciones de uso del sitio web y acepta que es responsable de ... <a title=\"Condiciones de uso del sitio web\" class=\"read-more\" href=\"https:\/\/proincomepanda.com\/es\/terms-of-service\/\" aria-label=\"Leer m\u00e1s sobre Condiciones de uso del sitio web\">Leer m\u00e1s<\/a><\/p>","protected":false},"author":1,"featured_media":0,"parent":0,"menu_order":0,"comment_status":"closed","ping_status":"closed","template":"","meta":{"_seopress_robots_primary_cat":"","_seopress_titles_title":"","_seopress_titles_desc":"","_seopress_robots_index":"","footnotes":""},"class_list":["post-102","page","type-page","status-publish"],"_links":{"self":[{"href":"https:\/\/proincomepanda.com\/es\/wp-json\/wp\/v2\/pages\/102","targetHints":{"allow":["GET"]}}],"collection":[{"href":"https:\/\/proincomepanda.com\/es\/wp-json\/wp\/v2\/pages"}],"about":[{"href":"https:\/\/proincomepanda.com\/es\/wp-json\/wp\/v2\/types\/page"}],"author":[{"embeddable":true,"href":"https:\/\/proincomepanda.com\/es\/wp-json\/wp\/v2\/users\/1"}],"replies":[{"embeddable":true,"href":"https:\/\/proincomepanda.com\/es\/wp-json\/wp\/v2\/comments?post=102"}],"version-history":[{"count":0,"href":"https:\/\/proincomepanda.com\/es\/wp-json\/wp\/v2\/pages\/102\/revisions"}],"wp:attachment":[{"href":"https:\/\/proincomepanda.com\/es\/wp-json\/wp\/v2\/media?parent=102"}],"curies":[{"name":"wp","href":"https:\/\/api.w.org\/{rel}","templated":true}]}}