{"id":102,"date":"2021-02-07T05:40:31","date_gmt":"2021-02-07T05:40:31","guid":{"rendered":"https:\/\/proincomepanda.com\/?page_id=102"},"modified":"2024-07-10T13:04:02","modified_gmt":"2024-07-10T13:04:02","slug":"servicebedingungen","status":"publish","type":"page","link":"https:\/\/proincomepanda.com\/de\/terms-of-service\/","title":{"rendered":"Nutzungsbedingungen f\u00fcr die Website"},"content":{"rendered":"<h2 class=\"wp-block-heading\">1. Begriffe<\/h2>\n\n\n\n<p>Mit dem Zugriff auf diese Website, die \u00fcber https:\/\/proincomepanda.com\/ zug\u00e4nglich ist, erkl\u00e4ren Sie sich mit diesen Nutzungsbedingungen einverstanden und stimmen zu, dass Sie f\u00fcr die Einhaltung der geltenden lokalen Gesetze verantwortlich sind. Wenn Sie mit einer dieser Bedingungen nicht einverstanden sind, ist Ihnen der Zugriff auf diese Website untersagt. Die auf dieser Website enthaltenen Materialien sind urheber- und markenrechtlich gesch\u00fctzt.<\/p>\n\n\n\n<h2 class=\"wp-block-heading\">2. Lizenz verwenden<\/h2>\n\n\n\n<p>Es wird die Erlaubnis erteilt, eine Kopie der Materialien auf der Website von ProIncomePanda vor\u00fcbergehend nur f\u00fcr die pers\u00f6nliche, nicht-kommerzielle vor\u00fcbergehende Betrachtung herunterzuladen. Dies ist die Gew\u00e4hrung einer Lizenz, nicht eine \u00dcbertragung des Eigentumsrechts, und unter dieser Lizenz, d\u00fcrfen Sie nicht:<\/p>\n\n\n\n<ul class=\"wp-block-list\">\n<li>die Materialien zu ver\u00e4ndern oder zu kopieren;<\/li>\n\n\n\n<li>das Material f\u00fcr kommerzielle Zwecke oder f\u00fcr die \u00f6ffentliche Darstellung zu verwenden;<\/li>\n\n\n\n<li>zu versuchen, jegliche auf der ProIncomePanda-Website enthaltene Software zur\u00fcckzuentwickeln;<\/li>\n\n\n\n<li>Urheberrechts- oder andere Eigentumsvermerke aus den Materialien zu entfernen; oder<\/li>\n\n\n\n<li>das Material an eine andere Person weiterzugeben oder es auf einem anderen Server zu spiegeln\".<\/li>\n<\/ul>\n\n\n\n<p>Dadurch wird ProIncomePanda bei Verst\u00f6\u00dfen gegen eine dieser Beschr\u00e4nkungen gek\u00fcndigt. Mit der Beendigung wird auch Ihr Einsichtsrecht beendet und Sie sollten alle heruntergeladenen Materialien in Ihrem Besitz vernichten, egal ob es sich um gedrucktes oder elektronisches Format handelt. Diese Nutzungsbedingungen wurden mit Hilfe des Terms Of Service Generator und des Privacy Policy Generator erstellt.<\/p>\n\n\n\n<h2 class=\"wp-block-heading\">3. Haftungsausschluss<\/h2>\n\n\n\n<p>Alle Materialien auf der Website von ProIncomePanda werden \"wie besehen\" zur Verf\u00fcgung gestellt. ProIncomePanda gibt keine Garantien, weder ausdr\u00fccklich noch stillschweigend, und schlie\u00dft daher alle anderen Garantien aus. Dar\u00fcber hinaus gibt ProIncomePanda keine Zusicherungen hinsichtlich der Genauigkeit oder Zuverl\u00e4ssigkeit der Nutzung der Materialien auf seiner Website oder in Bezug auf diese Materialien oder auf andere mit dieser Website verlinkte Websites.<\/p>\n\n\n\n<h2 class=\"wp-block-heading\">4. Beschr\u00e4nkungen<\/h2>\n\n\n\n<p>ProIncomePanda oder seine Lieferanten k\u00f6nnen nicht f\u00fcr Sch\u00e4den verantwortlich gemacht werden, die durch die Nutzung oder die Unm\u00f6glichkeit der Nutzung der Materialien auf der Website von ProIncomePanda entstehen, selbst wenn ProIncomePanda oder ein autorisierter Vertreter dieser Website m\u00fcndlich oder schriftlich \u00fcber die M\u00f6glichkeit solcher Sch\u00e4den informiert wurde. Einige Gerichtsbarkeiten erlauben keine Beschr\u00e4nkungen von stillschweigenden Garantien oder Haftungsbeschr\u00e4nkungen f\u00fcr zuf\u00e4llige Sch\u00e4den, diese Beschr\u00e4nkungen gelten m\u00f6glicherweise nicht f\u00fcr Sie.<\/p>\n\n\n\n<h2 class=\"wp-block-heading\">5. \u00dcberarbeitungen und Errata<\/h2>\n\n\n\n<p>Die Materialien auf der Website von ProIncomePanda k\u00f6nnen technische, typografische oder fotografische Fehler enthalten. ProIncomePanda \u00fcbernimmt keine Gew\u00e4hr f\u00fcr die Richtigkeit, Vollst\u00e4ndigkeit oder Aktualit\u00e4t der Materialien auf dieser Website. ProIncomePanda kann die auf seiner Website enthaltenen Materialien jederzeit ohne Vorank\u00fcndigung \u00e4ndern. ProIncomePanda \u00fcbernimmt keine Verpflichtung zur Aktualisierung der Materialien.<\/p>\n\n\n\n<h2 class=\"wp-block-heading\">6. Links<\/h2>\n\n\n\n<p>ProIncomePanda hat nicht alle mit seiner Website verlinkten Websites \u00fcberpr\u00fcft und ist nicht f\u00fcr den Inhalt dieser verlinkten Websites verantwortlich. Das Vorhandensein eines Links bedeutet nicht, dass ProIncomePanda die Website bef\u00fcrwortet. Die Nutzung einer verlinkten Website erfolgt auf eigenes Risiko des Nutzers.<\/p>\n\n\n\n<h2 class=\"wp-block-heading\">7. \u00c4nderungen der Nutzungsbedingungen der Website<\/h2>\n\n\n\n<p>ProIncomePanda kann diese Nutzungsbedingungen f\u00fcr seine Website jederzeit ohne vorherige Ank\u00fcndigung \u00fcberarbeiten. Durch die Nutzung dieser Website erkl\u00e4ren Sie sich damit einverstanden, an die aktuelle Version dieser Nutzungsbedingungen gebunden zu sein.<\/p>\n\n\n\n<h2 class=\"wp-block-heading\">8. Ihre Privatsph\u00e4re<\/h2>\n\n\n\n<p>Bitte lesen Sie unser <a href=\"https:\/\/proincomepanda.com\/de\/datenschutzbestimmungen\/\">Datenschutzbestimmungen<\/a>.<\/p>\n\n\n\n<h2 class=\"wp-block-heading\">9. Geltendes Recht<\/h2>\n\n\n\n<p>Jeder Anspruch in Bezug auf die Website von ProIncomePanda unterliegt den Gesetzen ohne Ber\u00fccksichtigung der kollisionsrechtlichen Bestimmungen.<\/p>\n\n\n\n<h2 class=\"gb-headline gb-headline-58b9c05e gb-headline-text\">10. Haftungsausschluss<\/h2>\n\n\n\n<p>Wie Sie vielleicht schon erraten haben, erfordert der Betrieb eines Blogs wie ProIncomePanda eine gewisse finanzielle Unterst\u00fctzung. Wir generieren haupts\u00e4chlich Einnahmen durch Werbung auf unserer Website.<\/p>\n\n\n\n<p>Das bedeutet, dass Sie bei der Erkundung unserer Inhalte m\u00f6glicherweise auf Werbung sto\u00dfen. Au\u00dferdem nehmen wir an verschiedenen Partnerprogrammen teil und arbeiten mit renommierten Websites wie Amazon und Impact Radius zusammen.<\/p>\n\n\n\n<p>Wir k\u00f6nnen uns auch an Partnerprogrammen mit verschiedenen Umfrageseiten wie Survey Junkie und Swagbucks beteiligen.<\/p>\n\n\n\n<p>Bitte beachten Sie, dass wir durch diese Partnerschaften eine kleine Provision erhalten, wenn Sie \u00fcber die von uns angegebenen Links einen Kauf t\u00e4tigen oder sich anmelden. Seien Sie versichert, dass Ihnen dadurch keine zus\u00e4tzlichen Kosten entstehen!<\/p>\n\n\n\n<p>Wir sind keine zertifizierten Finanzplaner. Obwohl wir uns bem\u00fchen, wertvolle Einblicke und Informationen \u00fcber pers\u00f6nliche Finanzangelegenheiten zu geben, ist es wichtig zu verstehen, dass unsere Expertise darin liegt, unsere Erfahrungen und unser Wissen zu teilen, das wir durch umfangreiche Recherchen im Internet gesammelt haben.<\/p>\n\n\n\n<p>Wenn es um Ihr hart verdientes Geld geht und Sie wichtige finanzielle Entscheidungen treffen m\u00fcssen, empfehlen wir Ihnen dringend, sich an einen Fachmann zu wenden.<\/p>\n\n\n\n<p>Sie verf\u00fcgen \u00fcber das n\u00f6tige Fachwissen, um Ihnen zu helfen, fundierte Entscheidungen zu treffen, die auf Ihre besonderen Umst\u00e4nde zugeschnitten sind. Ihr finanzielles Wohlergehen verdient h\u00f6chste Aufmerksamkeit, also z\u00f6gern Sie nicht, bei Bedarf professionellen Rat einzuholen.<\/p>\n\n\n\n<p>Und schlie\u00dflich sollten Sie daran denken, dass jeder Mensch seinen eigenen finanziellen Weg geht, und dass das, was f\u00fcr den einen funktioniert, f\u00fcr den anderen nicht unbedingt das Richtige ist.<\/p>\n\n\n\n<p>Obwohl wir uns bem\u00fchen, genaue und aktuelle Informationen bereitzustellen, ist es immer eine gute Idee, eigene Nachforschungen anzustellen und alle auf ProIncomePanda bereitgestellten Informationen zu \u00fcberpr\u00fcfen. Die Finanzlandschaft entwickelt sich st\u00e4ndig weiter, und es k\u00f6nnen neue Entwicklungen eintreten, die sich auf die Genauigkeit oder Relevanz zuvor geteilter Inhalte auswirken k\u00f6nnten.<\/p>\n\n\n\n<p>Vielen Dank, dass Sie sich die Zeit genommen haben, diesen Haftungsausschluss zu lesen. Wir sch\u00e4tzen Ihr Vertrauen und Ihr Engagement f\u00fcr ProIncomePanda sehr. <\/p>","protected":false},"excerpt":{"rendered":"<p>1. Bedingungen Durch den Zugriff auf diese Website, die \u00fcber https:\/\/proincomepanda.com\/ zug\u00e4nglich ist, erkl\u00e4ren Sie sich mit den vorliegenden Nutzungsbedingungen einverstanden und stimmen zu, dass Sie f\u00fcr die ... <a title=\"Nutzungsbedingungen f\u00fcr die Website\" class=\"read-more\" href=\"https:\/\/proincomepanda.com\/de\/terms-of-service\/\" aria-label=\"Mehr Informationen \u00fcber die Nutzungsbedingungen der Website\">Weiterlesen ...<\/a><\/p>","protected":false},"author":1,"featured_media":0,"parent":0,"menu_order":0,"comment_status":"closed","ping_status":"closed","template":"","meta":{"_seopress_robots_primary_cat":"","_seopress_titles_title":"","_seopress_titles_desc":"","_seopress_robots_index":"","footnotes":""},"class_list":["post-102","page","type-page","status-publish"],"_links":{"self":[{"href":"https:\/\/proincomepanda.com\/de\/wp-json\/wp\/v2\/pages\/102","targetHints":{"allow":["GET"]}}],"collection":[{"href":"https:\/\/proincomepanda.com\/de\/wp-json\/wp\/v2\/pages"}],"about":[{"href":"https:\/\/proincomepanda.com\/de\/wp-json\/wp\/v2\/types\/page"}],"author":[{"embeddable":true,"href":"https:\/\/proincomepanda.com\/de\/wp-json\/wp\/v2\/users\/1"}],"replies":[{"embeddable":true,"href":"https:\/\/proincomepanda.com\/de\/wp-json\/wp\/v2\/comments?post=102"}],"version-history":[{"count":0,"href":"https:\/\/proincomepanda.com\/de\/wp-json\/wp\/v2\/pages\/102\/revisions"}],"wp:attachment":[{"href":"https:\/\/proincomepanda.com\/de\/wp-json\/wp\/v2\/media?parent=102"}],"curies":[{"name":"wp","href":"https:\/\/api.w.org\/{rel}","templated":true}]}}